{"id":13982,"date":"2025-12-12T11:23:29","date_gmt":"2025-12-12T10:23:29","guid":{"rendered":"http:\/\/instytut-iskra.pl\/?page_id=13982"},"modified":"2026-01-09T20:36:31","modified_gmt":"2026-01-09T19:36:31","slug":"dlaczego-informacja","status":"publish","type":"page","link":"https:\/\/instytut-iskra.pl\/en\/dlaczego-informacja\/","title":{"rendered":"Why information?"},"content":{"rendered":"<div data-elementor-type=\"wp-page\" data-elementor-id=\"13982\" class=\"elementor elementor-13982\">\n\t\t\t\t<div class=\"elementor-element elementor-element-31065d16 e-flex e-con-boxed e-con e-parent\" data-id=\"31065d16\" data-element_type=\"container\">\t\t\t<div class=\"e-con-inner\">\r\n\t\t\t\t<div class=\"elementor-element elementor-element-43b27456 elementor-widget elementor-widget-text-editor\" data-id=\"43b27456\" data-element_type=\"widget\" data-widget_type=\"text-editor.default\">\n\t\t\t\t\t\t\t\t\t\n<h2 class=\"wp-block-heading\"><\/h2>\n\t\t\t\t\t\t\t\t<\/div>\n\t\t\t\t\t<\/div>\r\n\t\t\t\t<\/div>\r\n\t\t<div class=\"elementor-element elementor-element-bdbbb50 e-flex e-con-boxed e-con e-parent\" data-id=\"bdbbb50\" data-element_type=\"container\">\t\t\t<div class=\"e-con-inner\">\r\n\t\t<div class=\"elementor-element elementor-element-c778230 e-con-full e-flex e-con e-child\" data-id=\"c778230\" data-element_type=\"container\">\t\t<div class=\"elementor-element elementor-element-e8000b5 elementor-widget elementor-widget-pxl_menu\" data-id=\"e8000b5\" data-element_type=\"widget\" data-widget_type=\"pxl_menu.default\">\n\t\t\t\t<div class=\"elementor-widget-container\">\n\t\t\t\t\t    <div class=\"pxl-nav-menu pxl-nav-menu1 pxl-mega-full-width pxl-nav-vertical\" data-wow-delay=\"ms\">\r\n        <div class=\"menu-menu_maya-container\"><ul id=\"menu-menu_maya\" class=\"pxl-menu-primary clearfix\"><li id=\"menu-item-15535\" class=\"menu-item menu-item-type-post_type menu-item-object-page menu-item-15535\"><a href=\"https:\/\/instytut-iskra.pl\/en\/przedmowa\/\"><span class=\"pxl-menu-item-text\">Preface<i class=\"pxl-arrow-none pxl-hide pxl-ml-4\"><\/i><\/span><\/a><\/li>\n<li id=\"menu-item-14873\" class=\"menu-item menu-item-type-post_type menu-item-object-page menu-item-14873\"><a href=\"https:\/\/instytut-iskra.pl\/en\/geneza-teorii\/\"><span class=\"pxl-menu-item-text\">The origins of the MAYA theory<i class=\"pxl-arrow-none pxl-hide pxl-ml-4\"><\/i><\/span><\/a><\/li>\n<li id=\"menu-item-14879\" class=\"menu-item menu-item-type-post_type menu-item-object-page menu-item-14879\"><a href=\"https:\/\/instytut-iskra.pl\/en\/problemy-wspolczesnej-fizyki\/\"><span class=\"pxl-menu-item-text\">Problems of modern physics<i class=\"pxl-arrow-none pxl-hide pxl-ml-4\"><\/i><\/span><\/a><\/li>\n<li id=\"menu-item-14872\" class=\"menu-item menu-item-type-post_type menu-item-object-page menu-item-14872\"><a href=\"https:\/\/instytut-iskra.pl\/en\/dlaczego-informacja\/\"><span class=\"pxl-menu-item-text\">Why information?<i class=\"pxl-arrow-none pxl-hide pxl-ml-4\"><\/i><\/span><\/a><\/li>\n<li id=\"menu-item-14876\" class=\"menu-item menu-item-type-post_type menu-item-object-page menu-item-14876\"><a href=\"https:\/\/instytut-iskra.pl\/en\/jednostki-plancka\/\"><span class=\"pxl-menu-item-text\">Planck units<i class=\"pxl-arrow-none pxl-hide pxl-ml-4\"><\/i><\/span><\/a><\/li>\n<li id=\"menu-item-14878\" class=\"menu-item menu-item-type-post_type menu-item-object-page menu-item-14878\"><a href=\"https:\/\/instytut-iskra.pl\/en\/planxel\/\"><span class=\"pxl-menu-item-text\">Planxel<i class=\"pxl-arrow-none pxl-hide pxl-ml-4\"><\/i><\/span><\/a><\/li>\n<li id=\"menu-item-14875\" class=\"menu-item menu-item-type-post_type menu-item-object-page menu-item-14875\"><a href=\"https:\/\/instytut-iskra.pl\/en\/implikacje-mechanizmu-planxeli-dla-fizyki\/\"><span class=\"pxl-menu-item-text\">Physics implications of the planxel mechanism<i class=\"pxl-arrow-none pxl-hide pxl-ml-4\"><\/i><\/span><\/a><\/li>\n<li id=\"menu-item-14881\" class=\"menu-item menu-item-type-post_type menu-item-object-page menu-item-14881\"><a href=\"https:\/\/instytut-iskra.pl\/en\/reinterpretacja-wzorow\/\"><span class=\"pxl-menu-item-text\">Reinterpretation of Formulas<i class=\"pxl-arrow-none pxl-hide pxl-ml-4\"><\/i><\/span><\/a><\/li>\n<li id=\"menu-item-14871\" class=\"menu-item menu-item-type-post_type menu-item-object-page menu-item-14871\"><a href=\"https:\/\/instytut-iskra.pl\/en\/czas-w-modelu-maya\/\"><span class=\"pxl-menu-item-text\">Time in the M\u0101y\u0101 Model<i class=\"pxl-arrow-none pxl-hide pxl-ml-4\"><\/i><\/span><\/a><\/li>\n<li id=\"menu-item-14880\" class=\"menu-item menu-item-type-post_type menu-item-object-page menu-item-14880\"><a href=\"https:\/\/instytut-iskra.pl\/en\/przestrzen-w-modelu-maya\/\"><span class=\"pxl-menu-item-text\">Space in the M\u0101y\u0101 model<i class=\"pxl-arrow-none pxl-hide pxl-ml-4\"><\/i><\/span><\/a><\/li>\n<li id=\"menu-item-14874\" class=\"menu-item menu-item-type-post_type menu-item-object-page menu-item-14874\"><a href=\"https:\/\/instytut-iskra.pl\/en\/grawitacja\/\"><span class=\"pxl-menu-item-text\">Gravity<i class=\"pxl-arrow-none pxl-hide pxl-ml-4\"><\/i><\/span><\/a><\/li>\n<li id=\"menu-item-14877\" class=\"menu-item menu-item-type-post_type menu-item-object-page menu-item-14877\"><a href=\"https:\/\/instytut-iskra.pl\/en\/paradoksy-fizyki\/\"><span class=\"pxl-menu-item-text\">Paradoxes of Physics<i class=\"pxl-arrow-none pxl-hide pxl-ml-4\"><\/i><\/span><\/a><\/li>\n<li id=\"menu-item-14870\" class=\"menu-item menu-item-type-post_type menu-item-object-page menu-item-14870\"><a href=\"https:\/\/instytut-iskra.pl\/en\/alpha\/\"><span class=\"pxl-menu-item-text\">ALPHA decoded<i class=\"pxl-arrow-none pxl-hide pxl-ml-4\"><\/i><\/span><\/a><\/li>\n<li id=\"menu-item-14981\" class=\"menu-item menu-item-type-post_type menu-item-object-page menu-item-14981\"><a href=\"https:\/\/instytut-iskra.pl\/en\/czastki-w-maya\/\"><span class=\"pxl-menu-item-text\">Particles in MAYA<i class=\"pxl-arrow-none pxl-hide pxl-ml-4\"><\/i><\/span><\/a><\/li>\n<li id=\"menu-item-15368\" class=\"menu-item menu-item-type-post_type menu-item-object-page menu-item-15368\"><a href=\"https:\/\/instytut-iskra.pl\/en\/mechanika-kwantowa\/\"><span class=\"pxl-menu-item-text\">Quantum mechanics<i class=\"pxl-arrow-none pxl-hide pxl-ml-4\"><\/i><\/span><\/a><\/li>\n<li id=\"menu-item-15682\" class=\"menu-item menu-item-type-post_type menu-item-object-page menu-item-15682\"><a href=\"https:\/\/instytut-iskra.pl\/en\/niezmienniczosc-lorentza\/\"><span class=\"pxl-menu-item-text\">Emergentna niezmienniczo\u015b\u0107 Lorentza<i class=\"pxl-arrow-none pxl-hide pxl-ml-4\"><\/i><\/span><\/a><\/li>\n<li id=\"menu-item-15384\" class=\"menu-item menu-item-type-post_type menu-item-object-page menu-item-15384\"><a href=\"https:\/\/instytut-iskra.pl\/en\/o-emergencji-matematyki\/\"><span class=\"pxl-menu-item-text\">On the emergence of mathematics<i class=\"pxl-arrow-none pxl-hide pxl-ml-4\"><\/i><\/span><\/a><\/li>\n<\/ul><\/div>            <\/div>\r\n\t\t\t\t<\/div>\n\t\t\t\t<\/div>\n\t\t\t\t<\/div>\r\n\t\t<div class=\"elementor-element elementor-element-432c947 e-con-full e-flex e-con e-child\" data-id=\"432c947\" data-element_type=\"container\">\t\t<div class=\"elementor-element elementor-element-6e4fc5f elementor-widget elementor-widget-pxl_heading\" data-id=\"6e4fc5f\" data-element_type=\"widget\" data-widget_type=\"pxl_heading.default\">\n\t\t\t\t<div class=\"elementor-widget-container\">\n\t\t\t\t\t\r\n<div id=\"pxl-pxl_heading-6e4fc5f-7359\" class=\"pxl-heading px-sub-title-default-style\">\r\n\t<div class=\"pxl-heading--inner\">\r\n\t\t\r\n\t\t<h2 class=\"pxl-item--title style-default highlight-default\" data-wow-delay=\"ms\">\r\n\r\n\t\t\t<span class=\"pxl-heading--text\">\r\n\r\n\t\t\t\t\t\t\t\t\tWhy is information more fundamental than matter, and why could science fail to recognize this for so long?\t\r\n\t\t\t\t\t\r\n\r\n\t\t\t<\/span>\r\n\t\t<\/h2>\r\n\t\t\r\n\t<\/div>\r\n<\/div>\t\t\t\t<\/div>\n\t\t\t\t<\/div>\n\t\t\t\t<div class=\"elementor-element elementor-element-c2560db elementor-widget elementor-widget-pxl_image\" data-id=\"c2560db\" data-element_type=\"widget\" data-widget_type=\"pxl_image.default\">\n\t\t\t\t<div class=\"elementor-widget-container\">\n\t\t\t\t\t<div id=\"pxl_image-c2560db-9751\" class=\"pxl-image-single pxl-disable-parallax-sm\" data-wow-delay=\"ms\"  >\r\n    <div class=\"pxl-item--inner\" data-wow-delay=\"120ms\">\r\n                \r\n                                <div class=\"pxl-item--image\" data-parallax-value=\"\">\r\n                                                    <img fetchpriority=\"high\" decoding=\"async\" width=\"1600\" height=\"893\" src=\"https:\/\/instytut-iskra.pl\/wp-content\/uploads\/2025\/12\/einstein_zaslona.jpg\" class=\"no-lazyload attachment-full\" alt=\"\" \/>                                                                    <\/div>\r\n                                <\/div>\r\n<\/div>\t\t\t\t<\/div>\n\t\t\t\t<\/div>\n\t\t\t\t<div class=\"elementor-element elementor-element-13001f6 elementor-widget elementor-widget-pxl_text_editor\" data-id=\"13001f6\" data-element_type=\"widget\" data-widget_type=\"pxl_text_editor.default\">\n\t\t\t\t<div class=\"elementor-widget-container\">\n\t\t\t\t\t<div class=\"pxl-text-editor highlight-gradient\">\r\n\t<div class=\"pxl-item--inner\" >\r\n\t\t<p dir=\"auto\">Contemporary physics increasingly describes reality in a language reminiscent of information theory. We speak of states, amplitudes, probabilities, entanglement, entropy, and coding. Yet information is still treated as something secondary\u2014a tool for describing the world, not its foundation.<\/p>\n<p dir=\"auto\">This is not an oversight or intellectual blindness. It is a consequence of the path science has taken.<\/p>\n<blockquote>\n<p data-start=\"690\" data-end=\"789\"><em data-start=\"895\" data-end=\"997\">\u201cIf you want to understand the secrets of the universe, think in terms of energy, frequency and vibration.\u201d<\/em><br data-start=\"997\" data-end=\"1000\" \/>\u2014 Nikola Tesla<\/p>\n<\/blockquote>\n<h3 data-start=\"791\" data-end=\"834\">\u00a0<\/h3>\n<p dir=\"auto\">Tesla formulated this statement thinking in terms of energy and fields, not information in the modern sense. He did not have the language of information theory or the concept of computational reality. And yet the intuition he expressed resonates surprisingly well with later conclusions: it shifts attention away from matter as \"things\" and toward processes, relationships, and dynamics. In this sense, Tesla's message can be read not literally but structurally\u2014as an invitation to think about the Universe not in terms of objects, but of that which <strong data-start=\"844\" data-end=\"890\">what is happening there and how it is implemented<\/strong>. It is this shift in perspective that forms the starting point for the M\u0101y\u0101 Theory.<\/p>\n<h4 dir=\"auto\">Physics arose without the language of information<\/h4>\n<p dir=\"auto\">Fundamental theories of physics were born in a world that lacked the concept of information in a fundamental sense. Newton's classical mechanics described reality as a collection of material objects moving in absolute space and time. It was a continuous, deterministic, and fully material world.<\/p>\n<p dir=\"auto\">At the beginning of the 20th century, the theory of relativity and quantum mechanics emerged, radically changing our understanding of the world. Time and space became relative, and the behavior of matter ceased to be deterministic. Yet, despite this revolution, the language of physics remained the language of matter, fields, and geometry.<\/p>\n<p dir=\"auto\">Einstein himself, the creator of general relativity, lamented that his equations only described \"how\" mass curves space, but did not explain \"why.\" He sought a deeper mechanism\u2014a deterministic one, hidden beneath the probabilistic chaos of quantum mechanics. The famous \"God does not play dice\" was an expression of this anxiety: he wanted a description that was not merely mathematical, but mechanistic, causal.<\/p>\n<p dir=\"auto\">For him, a quantum state was a mathematical object, not a carrier of information. Spacetime was a geometric structure, not a process. Gravity was a curvature, not a consequence of the dynamics of a system. Einstein couldn't find this mechanism because he didn't yet have the language of information processing or computers \u2014 the tools that would allow him to see reality as a computable process.<\/p>\n<p dir=\"auto\">At that time, computer science did not yet exist, so there was no language that would allow us to ask how reality is processed.<\/p>\n<h4 dir=\"auto\">When the information came out, the paradigm was already established<\/h4>\n<p dir=\"auto\">Shannon's information theory was not developed until 1948. Digital computers, the concepts of bits, algorithms, clock speeds, and local processing were products of the second half of the 20th century. These were technical tools, not ontological ones.<\/p>\n<p dir=\"auto\">By this time, the foundations of physics had already been formulated. Quantum mechanics, general relativity, and the Standard Model operated in a language that did not assume that reality computed anything. When information began to appear in physics \u2014 in the form of entropy, quantum information, or the holographic principle \u2014 it was interpreted as a property of physical systems, not their cause.<\/p>\n<p dir=\"auto\">Information was added to the image of the world instead of becoming its starting point.<\/p>\n<h4 dir=\"auto\">Matter as an assumption, not a conclusion<\/h4>\n<p dir=\"auto\">Historically, physics has always begun with the assumption that something exists: particles, fields, space-time. Only later was their behavior studied. Even the most abstract constructs were treated as primordial entities.<\/p>\n<p dir=\"auto\">In this approach, information could only describe the state of matter. It was never treated as a mechanism that generated that matter. This reversal of logic is crucial.<\/p>\n<p dir=\"auto\">If we start with matter, information will always be secondary. If we start with information, matter may turn out to be an effect.<\/p>\n<h4 dir=\"auto\">Physical constants as a trace of a deeper level<\/h4>\n<p dir=\"auto\">One of the strongest signals that a material starting point is insufficient is the physical constants themselves. The speed of light, Planck's constant, and the fine-structure constant all appear in equations as inputs. Theories work because they incorporate them \u2014 not because they explain them.<\/p>\n<p dir=\"auto\">Particularly telling is the fine-structure constant, a dimensionless number close to 1\/137 that quantifies the strength of electromagnetic interactions. It is measured with incredible precision, yet it is not derived from the geometry, symmetry, or dynamics of the Standard Model. Without it, atoms would not be stable, chemistry would not exist, and life as we know it would be impossible.<\/p>\n<p dir=\"auto\">Dimensionless numbers do not describe matter. They describe relationships, proportions, and structure. They are code signatures, not properties of objects.<\/p>\n<h4 dir=\"auto\">Why a synthesis of many fields was needed<\/h4>\n<p dir=\"auto\">There's an even deeper reason why the informational nature of reality has remained invisible for so long. Its recognition required the synthesis of multiple fields that, for most of scientific history, had developed entirely independently.<\/p>\n<p dir=\"auto\">Physics, mathematics, computer science, information theory, cybernetics, and complexity science each had their own languages \u200b\u200band their own problems. Modern theoretical physics has become a highly specialized science. This model of work is extremely effective in delving into details, but it hinders asking questions about the mechanism as a whole.<\/p>\n<p dir=\"auto\">The question of the foundations of reality does not belong to any single discipline. It requires a simultaneous understanding of mathematical structures, physical processes, and information processing principles. For a long time, such a language simply did not exist.<\/p>\n<h4 dir=\"auto\">New cognitive tools<\/h4>\n<p dir=\"auto\">In recent years, however, something else has changed \u2014 the very tools of thought. The development of artificial intelligence systems and symbolic analysis tools has radically accelerated the process of knowledge synthesis.<\/p>\n<p dir=\"auto\">Tasks that previously required years of work: comparing formalisms, tracking the consequences of assumptions, connecting distant areas of knowledge - can now be performed on an incomparably shorter time scale.<\/p>\n<p dir=\"auto\">This doesn't mean that machines \"understand\" reality. Their role is to enable human intuition where it was previously overwhelmed by information overload. AI isn't a source of new ideas, but a catalyst that allows them to crystallize more quickly.<\/p>\n<p dir=\"auto\">This made it possible to ask a question that was previously practically impossible: can all known laws of physics be the result of a single, simple processing mechanism?<\/p>\n<h4 dir=\"auto\">Changing the starting point<\/h4>\n<p dir=\"auto\">If reality is a process rather than a collection of objects, information is not a description of the world but its operational substance. Matter, energy, time, and space become effects of local processing rules, not primordial entities.<\/p>\n<p dir=\"auto\">In this approach, the Planck boundary ceases to be a \"wall of cognition\" and becomes a code resolution. Gravity ceases to be a force and becomes the result of processing overload. Physical constants cease to be arbitrary numbers and become architectural parameters.<\/p>\n<p dir=\"auto\">This is not an opposition to science. It is a consequence of its development.<\/p>\n<p dir=\"auto\">And perhaps that is why it has only now become possible to see what has long remained invisible \u2013 that reality is not based on matter, but on information.<\/p>\t\t\r\n\t<\/div>\r\n<\/div>\t\t\t\t<\/div>\n\t\t\t\t<\/div>\n\t\t\t\t<div class=\"elementor-element elementor-element-12600da elementor-widget elementor-widget-pxl_button\" data-id=\"12600da\" data-element_type=\"widget\" data-widget_type=\"pxl_button.default\">\n\t\t\t\t<div class=\"elementor-widget-container\">\n\t\t\t\t\t<div id=\"pxl-pxl_button-12600da-2420\" class=\"pxl-button pxl-atc-link\" data-wow-delay=\"ms\">\r\n    <a href=\"https:\/\/instytut-iskra.pl\/en\/jednostki-plancka\/\" class=\"btn pxl-icon-active btn-block-inline  btn-text-underline pxl-icon--right\">\r\n                    <span class=\"pxl--btn-icon\">\r\n                <i aria-hidden=\"true\" class=\"flaticon flaticon-right-arrow-long\"><\/i>                            <\/span>\r\n                <span class=\"pxl--btn-text\" data-text=\"Odkrywaj wi\u0119cej\">\r\n            Discover more        <\/span>\r\n    <\/a>\r\n<\/div>\t\t\t\t<\/div>\n\t\t\t\t<\/div>\n\t\t\t\t<\/div>\r\n\t\t\t\t\t<\/div>\r\n\t\t\t\t<\/div>\r\n\t\t\t\t<\/div>","protected":false},"excerpt":{"rendered":"<p>Geneza teorii MAYA Problemy wsp\u00f3\u0142czesnej fizyki Dlaczego informacja? Jednostki Plancka Planxel Implikacje mechanizmu planxeli dla fizyki Reinterpretacja Wzor\u00f3w Czas w modelu M\u0101y\u0101 Przestrze\u0144 w modelu Maya Grawitacja Paradoksy Fizyki ALPHA odkodowana Cz\u0105stki w MAYA Dlaczego informacja jest bardziej fundamentalna ni\u017c materia i dlaczego nauka przez tak d\u0142ugi czas nie mog\u0142a tego zauwa\u017cy\u0107? Wsp\u00f3\u0142czesna fizyka coraz [&hellip;]<\/p>","protected":false},"author":1,"featured_media":0,"parent":0,"menu_order":0,"comment_status":"closed","ping_status":"closed","template":"","meta":{"footnotes":""},"class_list":["post-13982","page","type-page","status-publish","hentry"],"_links":{"self":[{"href":"https:\/\/instytut-iskra.pl\/en\/wp-json\/wp\/v2\/pages\/13982","targetHints":{"allow":["GET"]}}],"collection":[{"href":"https:\/\/instytut-iskra.pl\/en\/wp-json\/wp\/v2\/pages"}],"about":[{"href":"https:\/\/instytut-iskra.pl\/en\/wp-json\/wp\/v2\/types\/page"}],"author":[{"embeddable":true,"href":"https:\/\/instytut-iskra.pl\/en\/wp-json\/wp\/v2\/users\/1"}],"replies":[{"embeddable":true,"href":"https:\/\/instytut-iskra.pl\/en\/wp-json\/wp\/v2\/comments?post=13982"}],"version-history":[{"count":32,"href":"https:\/\/instytut-iskra.pl\/en\/wp-json\/wp\/v2\/pages\/13982\/revisions"}],"predecessor-version":[{"id":15602,"href":"https:\/\/instytut-iskra.pl\/en\/wp-json\/wp\/v2\/pages\/13982\/revisions\/15602"}],"wp:attachment":[{"href":"https:\/\/instytut-iskra.pl\/en\/wp-json\/wp\/v2\/media?parent=13982"}],"curies":[{"name":"wp","href":"https:\/\/api.w.org\/{rel}","templated":true}]}}