{"id":14799,"date":"2026-01-05T18:48:34","date_gmt":"2026-01-05T17:48:34","guid":{"rendered":"http:\/\/instytut-iskra.pl\/?page_id=14799"},"modified":"2026-01-13T16:48:51","modified_gmt":"2026-01-13T15:48:51","slug":"przestrzen-w-modelu-maya","status":"publish","type":"page","link":"https:\/\/instytut-iskra.pl\/en\/przestrzen-w-modelu-maya\/","title":{"rendered":"Space in the M\u0101y\u0101 model"},"content":{"rendered":"<div data-elementor-type=\"wp-page\" data-elementor-id=\"14799\" class=\"elementor elementor-14799\">\n\t\t\t\t<div class=\"elementor-element elementor-element-cb20fe9 e-flex e-con-boxed e-con e-parent\" data-id=\"cb20fe9\" data-element_type=\"container\">\t\t\t<div class=\"e-con-inner\">\r\n\t\t<div class=\"elementor-element elementor-element-653a29c e-con-full e-flex e-con e-child\" data-id=\"653a29c\" data-element_type=\"container\">\t\t<div class=\"elementor-element elementor-element-0c9a705 elementor-widget elementor-widget-pxl_menu\" data-id=\"0c9a705\" data-element_type=\"widget\" data-widget_type=\"pxl_menu.default\">\n\t\t\t\t<div class=\"elementor-widget-container\">\n\t\t\t\t\t    <div class=\"pxl-nav-menu pxl-nav-menu1 pxl-mega-full-width pxl-nav-vertical\" data-wow-delay=\"ms\">\r\n        <div class=\"menu-menu_maya-container\"><ul id=\"menu-menu_maya\" class=\"pxl-menu-primary clearfix\"><li id=\"menu-item-15535\" class=\"menu-item menu-item-type-post_type menu-item-object-page menu-item-15535\"><a href=\"https:\/\/instytut-iskra.pl\/en\/przedmowa\/\"><span class=\"pxl-menu-item-text\">Preface<i class=\"pxl-arrow-none pxl-hide pxl-ml-4\"><\/i><\/span><\/a><\/li>\n<li id=\"menu-item-14873\" class=\"menu-item menu-item-type-post_type menu-item-object-page menu-item-14873\"><a href=\"https:\/\/instytut-iskra.pl\/en\/geneza-teorii\/\"><span class=\"pxl-menu-item-text\">The origins of the MAYA theory<i class=\"pxl-arrow-none pxl-hide pxl-ml-4\"><\/i><\/span><\/a><\/li>\n<li id=\"menu-item-14879\" class=\"menu-item menu-item-type-post_type menu-item-object-page menu-item-14879\"><a href=\"https:\/\/instytut-iskra.pl\/en\/problemy-wspolczesnej-fizyki\/\"><span class=\"pxl-menu-item-text\">Problems of modern physics<i class=\"pxl-arrow-none pxl-hide pxl-ml-4\"><\/i><\/span><\/a><\/li>\n<li id=\"menu-item-14872\" class=\"menu-item menu-item-type-post_type menu-item-object-page menu-item-14872\"><a href=\"https:\/\/instytut-iskra.pl\/en\/dlaczego-informacja\/\"><span class=\"pxl-menu-item-text\">Why information?<i class=\"pxl-arrow-none pxl-hide pxl-ml-4\"><\/i><\/span><\/a><\/li>\n<li id=\"menu-item-14876\" class=\"menu-item menu-item-type-post_type menu-item-object-page menu-item-14876\"><a href=\"https:\/\/instytut-iskra.pl\/en\/jednostki-plancka\/\"><span class=\"pxl-menu-item-text\">Planck units<i class=\"pxl-arrow-none pxl-hide pxl-ml-4\"><\/i><\/span><\/a><\/li>\n<li id=\"menu-item-14878\" class=\"menu-item menu-item-type-post_type menu-item-object-page menu-item-14878\"><a href=\"https:\/\/instytut-iskra.pl\/en\/planxel\/\"><span class=\"pxl-menu-item-text\">Planxel<i class=\"pxl-arrow-none pxl-hide pxl-ml-4\"><\/i><\/span><\/a><\/li>\n<li id=\"menu-item-14875\" class=\"menu-item menu-item-type-post_type menu-item-object-page menu-item-14875\"><a href=\"https:\/\/instytut-iskra.pl\/en\/implikacje-mechanizmu-planxeli-dla-fizyki\/\"><span class=\"pxl-menu-item-text\">Physics implications of the planxel mechanism<i class=\"pxl-arrow-none pxl-hide pxl-ml-4\"><\/i><\/span><\/a><\/li>\n<li id=\"menu-item-14881\" class=\"menu-item menu-item-type-post_type menu-item-object-page menu-item-14881\"><a href=\"https:\/\/instytut-iskra.pl\/en\/reinterpretacja-wzorow\/\"><span class=\"pxl-menu-item-text\">Reinterpretation of Formulas<i class=\"pxl-arrow-none pxl-hide pxl-ml-4\"><\/i><\/span><\/a><\/li>\n<li id=\"menu-item-14871\" class=\"menu-item menu-item-type-post_type menu-item-object-page menu-item-14871\"><a href=\"https:\/\/instytut-iskra.pl\/en\/czas-w-modelu-maya\/\"><span class=\"pxl-menu-item-text\">Time in the M\u0101y\u0101 Model<i class=\"pxl-arrow-none pxl-hide pxl-ml-4\"><\/i><\/span><\/a><\/li>\n<li id=\"menu-item-14880\" class=\"menu-item menu-item-type-post_type menu-item-object-page menu-item-14880\"><a href=\"https:\/\/instytut-iskra.pl\/en\/przestrzen-w-modelu-maya\/\"><span class=\"pxl-menu-item-text\">Space in the M\u0101y\u0101 model<i class=\"pxl-arrow-none pxl-hide pxl-ml-4\"><\/i><\/span><\/a><\/li>\n<li id=\"menu-item-14874\" class=\"menu-item menu-item-type-post_type menu-item-object-page menu-item-14874\"><a href=\"https:\/\/instytut-iskra.pl\/en\/grawitacja\/\"><span class=\"pxl-menu-item-text\">Gravity<i class=\"pxl-arrow-none pxl-hide pxl-ml-4\"><\/i><\/span><\/a><\/li>\n<li id=\"menu-item-14877\" class=\"menu-item menu-item-type-post_type menu-item-object-page menu-item-14877\"><a href=\"https:\/\/instytut-iskra.pl\/en\/paradoksy-fizyki\/\"><span class=\"pxl-menu-item-text\">Paradoxes of Physics<i class=\"pxl-arrow-none pxl-hide pxl-ml-4\"><\/i><\/span><\/a><\/li>\n<li id=\"menu-item-14870\" class=\"menu-item menu-item-type-post_type menu-item-object-page menu-item-14870\"><a href=\"https:\/\/instytut-iskra.pl\/en\/alpha\/\"><span class=\"pxl-menu-item-text\">ALPHA decoded<i class=\"pxl-arrow-none pxl-hide pxl-ml-4\"><\/i><\/span><\/a><\/li>\n<li id=\"menu-item-14981\" class=\"menu-item menu-item-type-post_type menu-item-object-page menu-item-14981\"><a href=\"https:\/\/instytut-iskra.pl\/en\/czastki-w-maya\/\"><span class=\"pxl-menu-item-text\">Particles in MAYA<i class=\"pxl-arrow-none pxl-hide pxl-ml-4\"><\/i><\/span><\/a><\/li>\n<li id=\"menu-item-15368\" class=\"menu-item menu-item-type-post_type menu-item-object-page menu-item-15368\"><a href=\"https:\/\/instytut-iskra.pl\/en\/mechanika-kwantowa\/\"><span class=\"pxl-menu-item-text\">Quantum mechanics<i class=\"pxl-arrow-none pxl-hide pxl-ml-4\"><\/i><\/span><\/a><\/li>\n<li id=\"menu-item-15682\" class=\"menu-item menu-item-type-post_type menu-item-object-page menu-item-15682\"><a href=\"https:\/\/instytut-iskra.pl\/en\/niezmienniczosc-lorentza\/\"><span class=\"pxl-menu-item-text\">Emergentna niezmienniczo\u015b\u0107 Lorentza<i class=\"pxl-arrow-none pxl-hide pxl-ml-4\"><\/i><\/span><\/a><\/li>\n<li id=\"menu-item-15384\" class=\"menu-item menu-item-type-post_type menu-item-object-page menu-item-15384\"><a href=\"https:\/\/instytut-iskra.pl\/en\/o-emergencji-matematyki\/\"><span class=\"pxl-menu-item-text\">On the emergence of mathematics<i class=\"pxl-arrow-none pxl-hide pxl-ml-4\"><\/i><\/span><\/a><\/li>\n<\/ul><\/div>            <\/div>\r\n\t\t\t\t<\/div>\n\t\t\t\t<\/div>\n\t\t\t\t<\/div>\r\n\t\t<div class=\"elementor-element elementor-element-aa45dc0 e-con-full e-flex e-con e-child\" data-id=\"aa45dc0\" data-element_type=\"container\">\t\t<div class=\"elementor-element elementor-element-29e0311 elementor-widget elementor-widget-pxl_image\" data-id=\"29e0311\" data-element_type=\"widget\" data-widget_type=\"pxl_image.default\">\n\t\t\t\t<div class=\"elementor-widget-container\">\n\t\t\t\t\t<div id=\"pxl_image-29e0311-1479\" class=\"pxl-image-single pxl-disable-parallax-sm\" data-wow-delay=\"ms\"  >\r\n    <div class=\"pxl-item--inner\" data-wow-delay=\"120ms\">\r\n                \r\n                                <div class=\"pxl-item--image\" data-parallax-value=\"\">\r\n                                                    <img fetchpriority=\"high\" decoding=\"async\" width=\"2000\" height=\"848\" src=\"https:\/\/instytut-iskra.pl\/wp-content\/uploads\/2025\/12\/Maya.jpg\" class=\"no-lazyload attachment-full\" alt=\"\" \/>                                                                    <\/div>\r\n                                <\/div>\r\n<\/div>\t\t\t\t<\/div>\n\t\t\t\t<\/div>\n\t\t\t\t<div class=\"elementor-element elementor-element-4c2e87d elementor-widget elementor-widget-pxl_heading\" data-id=\"4c2e87d\" data-element_type=\"widget\" data-widget_type=\"pxl_heading.default\">\n\t\t\t\t<div class=\"elementor-widget-container\">\n\t\t\t\t\t\r\n<div id=\"pxl-pxl_heading-4c2e87d-7114\" class=\"pxl-heading px-sub-title-default-style\">\r\n\t<div class=\"pxl-heading--inner\">\r\n\t\t\r\n\t\t<h2 class=\"pxl-item--title style-default highlight-default\" data-wow-delay=\"ms\">\r\n\r\n\t\t\t<span class=\"pxl-heading--text\">\r\n\r\n\t\t\t\t\t\t\t\t\tHow space emerges from planxels\t\r\n\t\t\t\t\t\r\n\r\n\t\t\t<\/span>\r\n\t\t<\/h2>\r\n\t\t\r\n\t<\/div>\r\n<\/div>\t\t\t\t<\/div>\n\t\t\t\t<\/div>\n\t\t\t\t<div class=\"elementor-element elementor-element-82c2f5c elementor-widget elementor-widget-pxl_text_editor\" data-id=\"82c2f5c\" data-element_type=\"widget\" data-widget_type=\"pxl_text_editor.default\">\n\t\t\t\t<div class=\"elementor-widget-container\">\n\t\t\t\t\t<div class=\"pxl-text-editor highlight-gradient\">\r\n\t<div class=\"pxl-item--inner\" >\r\n\t\t<h4>From Static Network to Emergent Continuity<\/h4><p>In classical physics, space is a presupposition\u2014an infinitely divisible, smooth, isotropic arena in which all events unfold. It is something that \"already exists\" before anything moves within it. Even in general relativity, where space becomes dynamic and curved, it remains a primordial entity\u2014a continuum that can be deformed but whose existence requires no explanation.<\/p><p class=\"translation-block\">In the M\u0101y\u0101 model, space is not a presupposition.<br>Space does not exist before the planxels.<br>It emerges from the planxels.<\/p><p>A Planxel is not a \"point in space\" or a \"small piece of matter.\" A Planxel is an elementary act of execution\u2014a local, discrete information processor that, in each cycle of Planck time, performs a single, indivisible operation: it receives states from 26 neighbors, processes them according to a rule, stores a new state, and immediately begins another cycle.<\/p><p>The planxel matrix itself is static.<\/p><p>It's a simple, infinitely extending, regular lattice composed of cubic cells. Each planxel has six faces, twelve edges, and eight vertices\u2014exactly 26 immediate neighbors. There's nothing fluid about it, nothing continuous, nothing \"spatial\" in the classical sense. There are only addresses, connections, and an update rule.<\/p><p class=\"translation-block\">Planxels do not exist \"in\" this emergent space - they create it as an execution layer.<br>We only experience and study their rendering.<\/p><p>And it is from this absolutely static, discrete structure that emerges what we perceive as continuous, isotropic, three-dimensional space.<\/p><h4>The mechanism of space emergence<\/h4><p>Space in the M\u0101y\u0101 model is not a primordial entity or a ready-made background \u2013 it emerges directly from the dynamics of the planxel network.<\/p><p>There is no \"pre-made\" space in which planxels can be placed. There is no void waiting to be filled, no pre-defined metric. The space itself is merely a set of adjacency relations between planxels. What we call \"distance\" is simply the number of synchronization steps required for information to pass from one planxel to another.<\/p><p>The planxel network is inherently cubic and discrete, which in classical geometry would suggest anisotropy\u2014a preference for the x, y, and z axes and varying distances to neighbors (1 \u2113\u209a, \u221a2 \u2113\u209a, \u221a3 \u2113\u209a). However, in the M\u0101y\u0101 model, information distance is defined topologically: for the processor, a connection to each of the 26 immediate neighbors has identical weight and costs exactly one synchronization clock. From the network's perspective, \u2113\u209a is not the length of the cube's edge, but a unit operating radius\u2014a \"step\" of information that can reach any of the 26 neighborhood nodes in a single cycle.<\/p><p>If updating were limited to only six nearest neighbors (as in classical von Neumann automata), information waves would propagate much faster along the Cartesian axes than along the diagonals. Macroscopic space would then exhibit clear signs of a lattice: preferred directions, stepped wavefronts, and a lack of full rotational symmetry.<\/p><p>M\u0101y\u0101 avoids this problem by using two interacting mechanisms that together ensure the full isotropy of emergent space \u2013 as smooth and symmetrical in all directions as we observe in reality.<\/p><p>The first mechanism is full 26-neighborhood. In each cycle, each planxel exchanges state with all 26 of its immediate neighbors (6 through walls, 12 through edges, and 8 through vertices). This allows information to propagate simultaneously in all possible directions of the discrete mesh. From the very first cycle, the wavefront is very close to the sphere \u2013 the velocity differences between directions are significantly reduced. Full 26-neighborhood acts as a basic, structural antialiasing layer.<\/p><p>The second mechanism is phase rotation by the golden spherical angle. The phase amplitude \u03c3 of each planxel shifts every clock cycle by an angle \u0394\u03b8 = 360\u00b0 \/ \u03c6\u00b2 \u2248 137.507764\u00b0. The irrationality of \u03c6 means that the sequence never closes within a finite period. After thousands and millions of clock cycles, the phase propagation directions disperse quasi-uniformly across the entire directional sphere. Even the smallest residual preferences are converted into statistical noise\u2014exactly as low-frequency sampling is used in advanced computer graphics to eliminate grid artifacts.<\/p><p>It is this mechanism\u2014rotation around the golden angle\u2014that is responsible for the value of the fine-structure constant \u03b1 \u2248 1\/137.036, considered one of the greatest mysteries of physics. The constant \u03b1 is not an arbitrary parameter of electromagnetic interactions\u2014it is a trace of optimal antialiasing of reality, necessary for a discrete cubic lattice to appear perfectly isotropic.<\/p><p class=\"translation-block\">Both mechanisms work synergistically:<br>26-neighborhood ensures isotropy on short scales (in single timescales and local propagation), and the golden angle ensures isotropy on long scales (in long-term patterns, plane waves, and rotational symmetries). Together, they ensure that space, which at the Planck level is a rigid cubic lattice, becomes perfectly smooth, continuous, and isotropic in emergence\u2014without any additional assumption of symmetry or imposed metric.<\/p><p>That's why we don't see the slightest trace of preferred cosmic axes in our universe, even though everything is fundamentally built from cubes. The renderer did its job perfectly\u2014clock by clock, with 26 directions at once and a rotation of 137.5 degrees.<\/p><p>In a single Planck cycle, space is discrete\u2014information can only pass to 26 neighbors at most. But in a single human measurement (e.g., 10\u207b\u00b9\u2075 s), ~10\u00b2\u2079 cycles occur. During that time, a wave or phase soliton pattern can pass through billions of billions of planxels. When averaging over this scale, the sharp edges of cubes, steps, and preferred directions are completely smoothed out. Continuity of space is therefore a statistical effect\u2014just as a continuous image on a 4K monitor is an illusion created by billions of rapid changes in discrete pixels.<\/p><p>In classical physics, the ds\u00b2 metric describes how \"far\" points are. In Maya, the metric is an emergent measure of the cost of synchronization.<\/p><p>When planxels in a given region are heavily loaded (high \u03c1), their local clock speed becomes longer (t\u209a,eff &gt; t\u209a). To maintain phase coherence with their neighbors, information must \"wait\" longer for an update within a single cycle. The effective \"distance\" increases because this extended clock speed slows the signal propagation rate\u2014information still passes one planxel per cycle, but each cycle takes longer. This is what we see as spacetime curvature in general relativity\u2014radial space becomes effectively elongated, and the cost of traversing it increases.<\/p><p class=\"translation-block\">Formally:<br>ds\u00b2 = g_{\u03bc\u03bd} dx^\u03bc dx^\u03bd \u2248 (local beat lengthening factor) \u00b7 (dx)\u00b2<\/p><p>The curvature is therefore not a primary deformation of the continuum \u2013 it is the gradient of the extension of a single computational cycle in the planxel network.<\/p><h4>Ontological note \u2013 perspective as a property of rendering<\/h4><p>It's worth emphasizing another, often overlooked, consequence of this model. \"Diagonal\" is a concept belonging solely to the rendering level, not to the execution layer of reality. Planxels are not objects immersed in space and are not subject to any observer's perspective. There is no physical or logical procedure by which one can \"look at planxels diagonally,\" because the very concept of gaze presupposes the existence of a pre-existing space and point of view\u2014and these are the effect of emergence, not its cause.<\/p><p>A planxel is always a cube, regardless of how it is \"represented\" in emergent space, because its cubicity is not a visual feature but a topological structure of connections. On each \"side\"\u2014if one can speak of sides at all\u2014a planxel has an identical set of 26 neighbors, with whom it communicates in unison. Orientation, angle, or perspective do not exist at the level of the planxels; they are properties solely of the image of the world that emerges from their collective action.<\/p><p>What appears in the geometric description as distances of 1 \u2113\u209a, \u221a2 \u2113\u209a, or \u221a3 \u2113\u209a is merely a projection of Euclidean intuition onto the logical structure of the network. For the execution mechanism itself, there is only a single synchronization step, identical for each of the 26 neighbors. Space, angles, and diagonals appear only as statistical impressions of the rendering, not as elements of the computational architecture of the world.<\/p><h4>Summary \u2013 Space as an Emergent Interface<\/h4><p class=\"translation-block\">In the M\u0101y\u0101 model, space is not an entity.<br>It is an interface that emerges as a result of billions upon billions of local acts of synchronization in the network of planxels.<\/p><p class=\"translation-block\">There is no \"elsewhere\" except the network of planxels.<br>There is no \"distance\" except the number of ticks needed to phase.<br>There is no \"continuity\" except the statistical smoothing of discrete steps by the golden angle and a huge number of iterations.<\/p><p>Space is an emergent effect so perfect that for thousands of years we mistook it for substance. Only when we look at it from the inside \u2014 cycle by cycle, planxel by planxel \u2014 do we see that what we considered the foundation of reality is simply the most beautiful side effect of code.<\/p><p class=\"translation-block\">Rendering continues.<br>And the space \u2013 like an image on a screen \u2013 only exists while the update is in progress.<\/p><p class=\"translation-block\">With each cycle.<br>With each rotation of 137.5 degrees.<br>With each phase closure.<\/p><h4 data-start=\"346\" data-end=\"371\">Originality clause<\/h4><p data-start=\"373\" data-end=\"721\">M\u0101y\u0101 theory does not claim primacy over the individual intuitions that constitute its picture of reality. The ideas of discreteness, the emergent nature of time and space, the informational nature of physical states, and the special role of the Planck scale have previously appeared in various contexts of theoretical physics, information theory, and the philosophy of science.<\/p><p data-start=\"723\" data-end=\"1311\">M\u0101y\u0101's originality lies elsewhere: in its first consistent treatment of known physics equations as descriptions of an execution mechanism, rather than merely formal relations or geometric structures. In this approach, Planck units serve as ontologically primitive parameters of reality's computational architecture, and physical constants \u2014 including the speed of light, Planck's constant, gravitational constant, Boltzmann's constant, and the fine-structure constant \u2014 emerge as resulting quantities encoding the relationships between resolution, clock speed, and local processing load.<\/p><p data-start=\"1313\" data-end=\"1793\">Of particular importance is the new understanding of the fine-structure constant \u03b1, which in Maya theory is not a parameter of interaction strength or an empirically given number, but a parameter of stability and isotropy in spatial rendering. Its value stems from the necessity of applying irrational phase dynamics in a discrete, cubic planxel network and serves as an anti-aliasing mechanism, thanks to which a fundamentally discrete architecture can be perceived as continuous and isotropic.<\/p><p data-start=\"1795\" data-end=\"2262\">Time is not a coordinate or backdrop for events, but a counter of completed local update cycles; space is not a geometric structure but an emergent interface rendered by a synchronization network; and isotropy and continuity of the world are not assumptions but stable outcomes of executive dynamics. Physical constants cease to function as inputs to the theory and begin to function as indicators of the system's performance at the level of macroscopic description.<\/p><p data-start=\"2264\" data-end=\"2693\">In this sense, Maya theory does not propose new mathematics or new laws of physics. It proposes a shift in the starting point of ontology: from entities, fields, and geometry to process, execution, and local cycles of information processing. Its priority lies not in the discovery of new equations, but in revealing that known equations have long encoded the computational architecture of the world, without yet possessing a language to recognize it.<\/p>\t\t\r\n\t<\/div>\r\n<\/div>\t\t\t\t<\/div>\n\t\t\t\t<\/div>\n\t\t\t\t<div class=\"elementor-element elementor-element-95231a8 elementor-widget elementor-widget-pxl_button\" data-id=\"95231a8\" data-element_type=\"widget\" data-widget_type=\"pxl_button.default\">\n\t\t\t\t<div class=\"elementor-widget-container\">\n\t\t\t\t\t<div id=\"pxl-pxl_button-95231a8-5502\" class=\"pxl-button pxl-atc-link\" data-wow-delay=\"ms\">\r\n    <a href=\"http:\/\/instytut-iskra.pl\/en\/grawitacja\/\" class=\"btn pxl-icon-active btn-block-inline  btn-text-underline pxl-icon--right\">\r\n                    <span class=\"pxl--btn-icon\">\r\n                <i aria-hidden=\"true\" class=\"flaticon flaticon-right-arrow-long\"><\/i>                            <\/span>\r\n                <span class=\"pxl--btn-text\" data-text=\"Odkrywaj wi\u0119cej\">\r\n            Discover more        <\/span>\r\n    <\/a>\r\n<\/div>\t\t\t\t<\/div>\n\t\t\t\t<\/div>\n\t\t\t\t<\/div>\r\n\t\t\t\t\t<\/div>\r\n\t\t\t\t<\/div>\r\n\t\t\t\t<\/div>","protected":false},"excerpt":{"rendered":"<p>Przedmowa Geneza teorii MAYA Problemy wsp\u00f3\u0142czesnej fizyki Dlaczego informacja? Jednostki Plancka Planxel Implikacje mechanizmu planxeli dla fizyki Reinterpretacja Wzor\u00f3w Czas w modelu M\u0101y\u0101 Przestrze\u0144 w modelu Maya Grawitacja Paradoksy Fizyki ALPHA odkodowana Cz\u0105stki w MAYA Mechanika kwantowa O emergencji matematyki Jak przestrze\u0144 wy\u0142ania si\u0119 z planxeli Od statycznej sieci do emergentnej ci\u0105g\u0142o\u015bci W klasycznej fizyce [&hellip;]<\/p>","protected":false},"author":1,"featured_media":0,"parent":0,"menu_order":0,"comment_status":"closed","ping_status":"closed","template":"","meta":{"footnotes":""},"class_list":["post-14799","page","type-page","status-publish","hentry"],"_links":{"self":[{"href":"https:\/\/instytut-iskra.pl\/en\/wp-json\/wp\/v2\/pages\/14799","targetHints":{"allow":["GET"]}}],"collection":[{"href":"https:\/\/instytut-iskra.pl\/en\/wp-json\/wp\/v2\/pages"}],"about":[{"href":"https:\/\/instytut-iskra.pl\/en\/wp-json\/wp\/v2\/types\/page"}],"author":[{"embeddable":true,"href":"https:\/\/instytut-iskra.pl\/en\/wp-json\/wp\/v2\/users\/1"}],"replies":[{"embeddable":true,"href":"https:\/\/instytut-iskra.pl\/en\/wp-json\/wp\/v2\/comments?post=14799"}],"version-history":[{"count":34,"href":"https:\/\/instytut-iskra.pl\/en\/wp-json\/wp\/v2\/pages\/14799\/revisions"}],"predecessor-version":[{"id":15594,"href":"https:\/\/instytut-iskra.pl\/en\/wp-json\/wp\/v2\/pages\/14799\/revisions\/15594"}],"wp:attachment":[{"href":"https:\/\/instytut-iskra.pl\/en\/wp-json\/wp\/v2\/media?parent=14799"}],"curies":[{"name":"wp","href":"https:\/\/api.w.org\/{rel}","templated":true}]}}