{"id":14839,"date":"2026-01-09T15:30:20","date_gmt":"2026-01-09T14:30:20","guid":{"rendered":"https:\/\/instytut-iskra.pl\/?page_id=14839"},"modified":"2026-01-13T21:38:57","modified_gmt":"2026-01-13T20:38:57","slug":"daniel-czarnocki","status":"publish","type":"page","link":"https:\/\/instytut-iskra.pl\/en\/daniel-czarnocki\/","title":{"rendered":"Daniel Czarnocki"},"content":{"rendered":"<div data-elementor-type=\"wp-page\" data-elementor-id=\"14839\" class=\"elementor elementor-14839\">\n\t\t\t\t        <section class=\"elementor-section elementor-top-section elementor-element elementor-element-1f685d8 elementor-section-boxed elementor-section-height-default elementor-section-height-default pxl-row-scroll-none pxl-zoom-point-false pxl-section-overflow-visible pxl-section-fix-none pxl-bg-color-none pxl-section-overlay-none\" data-id=\"1f685d8\" data-element_type=\"section\" data-settings=\"{&quot;background_background&quot;:&quot;classic&quot;}\">\n\n                \n                <div class=\"elementor-container elementor-column-gap-default\">\n                <div class=\"elementor-column elementor-col-100 elementor-top-column elementor-element elementor-element-dbcce1e pxl-column-none pxl-column-overflow-hidden-no\" data-id=\"dbcce1e\" data-element_type=\"column\">\r\n        <div class=\"elementor-widget-wrap elementor-element-populated\">\r\n                     \r\n        \t\t<div class=\"elementor-element elementor-element-b134992 elementor-widget elementor-widget-pxl_heading\" data-id=\"b134992\" data-element_type=\"widget\" data-widget_type=\"pxl_heading.default\">\n\t\t\t\t<div class=\"elementor-widget-container\">\n\t\t\t\t\t\r\n<div id=\"pxl-pxl_heading-b134992-1873\" class=\"pxl-heading px-sub-title-default-style\">\r\n\t<div class=\"pxl-heading--inner\">\r\n\t\t\r\n\t\t<h3 class=\"pxl-item--title style-default highlight-default\" data-wow-delay=\"ms\">\r\n\r\n\t\t\t<span class=\"pxl-heading--text\">\r\n\r\n\t\t\t\t\t\t\t\t\t\t\r\n\t\t\t\t\t\r\n\r\n\t\t\t<\/span>\r\n\t\t<\/h3>\r\n\t\t\r\n\t<\/div>\r\n<\/div>\t\t\t\t<\/div>\n\t\t\t\t<\/div>\n\t\t\t\t<div class=\"elementor-element elementor-element-eec0dd9 elementor-widget elementor-widget-spacer\" data-id=\"eec0dd9\" data-element_type=\"widget\" data-widget_type=\"spacer.default\">\n\t\t\t\t\t\t\t<div class=\"elementor-spacer\">\n\t\t\t<div class=\"elementor-spacer-inner\"><\/div>\n\t\t<\/div>\n\t\t\t\t\t\t<\/div>\n\t\t        <section class=\"elementor-section elementor-inner-section elementor-element elementor-element-4deb2a0 elementor-section-full_width bg-our-team elementor-section-height-default elementor-section-height-default pxl-row-scroll-none pxl-zoom-point-false pxl-section-overflow-visible pxl-section-fix-none pxl-full-content-with-space-none pxl-bg-color-none pxl-section-overlay-none\" data-id=\"4deb2a0\" data-element_type=\"section\" data-settings=\"{&quot;background_background&quot;:&quot;classic&quot;}\">\n\n                \n                <div class=\"elementor-container elementor-column-gap-default\">\n                <div class=\"elementor-column elementor-col-100 elementor-inner-column elementor-element elementor-element-ae91582 pxl-column-none pxl-column-overflow-hidden-no\" data-id=\"ae91582\" data-element_type=\"column\">\r\n        <div class=\"elementor-widget-wrap elementor-element-populated\">\r\n                     \r\n        \t\t<div class=\"elementor-element elementor-element-64b4605 elementor-widget-laptop__width-initial elementor-widget elementor-widget-pxl_heading\" data-id=\"64b4605\" data-element_type=\"widget\" data-widget_type=\"pxl_heading.default\">\n\t\t\t\t<div class=\"elementor-widget-container\">\n\t\t\t\t\t\r\n<div id=\"pxl-pxl_heading-64b4605-8720\" class=\"pxl-heading px-sub-title-default-style\">\r\n\t<div class=\"pxl-heading--inner\">\r\n\t\t\r\n\t\t<h2 class=\"pxl-item--title style-default highlight-default\" data-wow-delay=\"ms\">\r\n\r\n\t\t\t<span class=\"pxl-heading--text\">\r\n\r\n\t\t\t\t\t\t\t\t\t\nDANIEL CZARNOCKI\t\r\n\t\t\t\t\t\r\n\r\n\t\t\t<\/span>\r\n\t\t<\/h2>\r\n\t\t\r\n\t<\/div>\r\n<\/div>\t\t\t\t<\/div>\n\t\t\t\t<\/div>\n\t\t\t\t<div class=\"elementor-element elementor-element-0d562aa elementor-widget elementor-widget-pxl_text_editor\" data-id=\"0d562aa\" data-element_type=\"widget\" data-widget_type=\"pxl_text_editor.default\">\n\t\t\t\t<div class=\"elementor-widget-container\">\n\t\t\t\t\t<div class=\"pxl-text-editor highlight-gradient\">\r\n\t<div class=\"pxl-item--inner\" >\r\n\t\t<p data-start=\"318\" data-end=\"393\"><strong data-start=\"318\" data-end=\"348\">President of the ISKRA Foundation<\/strong><br data-start=\"348\" data-end=\"351\" \/>Born on January 7, 1984 in Warsaw.<\/p><p data-start=\"395\" data-end=\"764\">An analyst and independent researcher whose interests lie in the synthesis of knowledge from various fields. His role in the development of theory <strong>M\u0100Y\u0100<\/strong> involves discovering hidden connections that make this theory the key to creating a language of reality. Where his brother, Seweryn, saw a mechanism, Daniel saw a matrix \u2014 an all-encompassing logical structure from which the laws of physics, mathematics, and even consciousness emerge.<\/p>\t\t\r\n\t<\/div>\r\n<\/div>\t\t\t\t<\/div>\n\t\t\t\t<\/div>\n\t\t            <\/div>\r\n        <\/div>\r\n        \t\t\t<\/div>\n\t\t<\/section>\n\t\t\t\t<div class=\"elementor-element elementor-element-b0d7923 elementor-widget elementor-widget-spacer\" data-id=\"b0d7923\" data-element_type=\"widget\" data-widget_type=\"spacer.default\">\n\t\t\t\t\t\t\t<div class=\"elementor-spacer\">\n\t\t\t<div class=\"elementor-spacer-inner\"><\/div>\n\t\t<\/div>\n\t\t\t\t\t\t<\/div>\n\t\t            <\/div>\r\n        <\/div>\r\n        \t\t\t<\/div>\n\t\t<\/section>\n\t\t<div class=\"elementor-element elementor-element-bba4552 e-flex e-con-boxed e-con e-parent\" data-id=\"bba4552\" data-element_type=\"container\">\t\t\t<div class=\"e-con-inner\">\r\n\t\t<div class=\"elementor-element elementor-element-dc2a7fe e-con-full e-flex e-con e-child\" data-id=\"dc2a7fe\" data-element_type=\"container\">\t\t<div class=\"elementor-element elementor-element-dc22847 elementor-widget elementor-widget-image\" data-id=\"dc22847\" data-element_type=\"widget\" data-widget_type=\"image.default\">\n\t\t\t\t\t\t\t\t\t\t\t\t<figure class=\"wp-caption\">\n\t\t\t\t\t\t\t\t\t\t<img fetchpriority=\"high\" decoding=\"async\" width=\"1024\" height=\"1024\" src=\"http:\/\/instytut-iskra.pl\/wp-content\/uploads\/2025\/12\/Daniel-2.jpg\" class=\"attachment-2048x2048 size-2048x2048 wp-image-14416\" alt=\"\" srcset=\"http:\/\/instytut-iskra.pl\/wp-content\/uploads\/2025\/12\/Daniel-2.jpg 1024w, http:\/\/instytut-iskra.pl\/wp-content\/uploads\/2025\/12\/Daniel-2-300x300.jpg 300w, http:\/\/instytut-iskra.pl\/wp-content\/uploads\/2025\/12\/Daniel-2-600x600.jpg 600w, http:\/\/instytut-iskra.pl\/wp-content\/uploads\/2025\/12\/Daniel-2-150x150.jpg 150w, http:\/\/instytut-iskra.pl\/wp-content\/uploads\/2025\/12\/Daniel-2-768x768.jpg 768w, http:\/\/instytut-iskra.pl\/wp-content\/uploads\/2025\/12\/Daniel-2-710x710.jpg 710w\" sizes=\"(max-width: 1024px) 100vw, 1024px\" \/>\t\t\t\t\t\t\t\t\t\t\t<figcaption class=\"widget-image-caption wp-caption-text\">Daniel Czarnocki<\/figcaption>\n\t\t\t\t\t\t\t\t\t\t<\/figure>\n\t\t\t\t\t\t\t\t\t<\/div>\n\t\t\t\t<\/div>\r\n\t\t<div class=\"elementor-element elementor-element-18d352f e-con-full e-flex e-con e-child\" data-id=\"18d352f\" data-element_type=\"container\">\t\t<div class=\"elementor-element elementor-element-b5b2120 elementor-widget elementor-widget-pxl_text_editor\" data-id=\"b5b2120\" data-element_type=\"widget\" data-widget_type=\"pxl_text_editor.default\">\n\t\t\t\t<div class=\"elementor-widget-container\">\n\t\t\t\t\t<div class=\"pxl-text-editor highlight-gradient\">\r\n\t<div class=\"pxl-item--inner\" >\r\n\t\t<p data-start=\"1075\" data-end=\"1558\">A sociologist by education, he was shaped by the art of discerning patterns in chaos. His true passion has always been searching for and discovering correlations and cause-and-effect relationships where they aren't obvious. That's why he's so drawn to game theory and statistics\u2014disciplines that teach how hidden order emerges from seemingly random points, and how emergent behaviors of systems emerge from individual decisions.<\/p><p data-start=\"1075\" data-end=\"1558\">This curiosity about translating complexity into understandable models has been reflected in a diverse career path: from computer graphics, through data analysis and quantitative research, to simulation game design. Each of these fields represents a different kind of simulation\u2014a different way of constructing a faithful replica of reality using rules and data. This experience opened him to the question: what if our reality is also a simulation of some kind\u2014not in the technological sense, but in a fundamentally computational sense?<\/p><h4 data-start=\"2352\" data-end=\"2397\">Versatility as a Key Scientific Tool<\/h4><p data-start=\"1075\" data-end=\"1558\">As M\u0101y\u0101 theory emerged as a model for the discrete informational web of reality, Daniel saw its potential implications far beyond physics. Accustomed to connecting disparate ideas \u2014 from archaeology to anthropology, psychology, and cognitive neuroscience \u2014 he began mapping its implications. He saw the theory's potential to offer a new paradigm for chemistry, biology, materials science, and even the philosophy of science. His conclusion that M\u0101y\u0101 could provide a framework for explaining the origins of consciousness \u2014 understood as the most complex, self-reflective processing pattern in a universal network \u2014 is the natural culmination of this interdisciplinary journey.<\/p><p data-start=\"1075\" data-end=\"1558\">His most significant contribution to the development of theory to date is the creation of the LOGOS model of emergent mathematics \u2014 the assumption that in Maya, numbers like \u03c0, \u03c6, and the fine-structure constant \u03b1 are not arbitrary \"settings\" of the universe, but necessary products of the optimal geometry of the underlying lattice. In his view, all mathematics is neither discovered nor invented \u2014 it emerges as an inevitable property of the structure of discrete, three-dimensional reality.<\/p><p data-start=\"1075\" data-end=\"1558\">This is a revolutionary position: in another universe, with a different fundamental geometry, a different mathematics would apply. Ours is what it is because we live in an optimized code. Daniel's work involves further deciphering this code, seeking to discover how the beauty and precision of Dirac's equations, the mystery of prime numbers, and the harmony of the golden ratio emerge from the seemingly dry rules of planxel updating.<\/p><p data-start=\"1075\" data-end=\"1558\">While Seweryn writes the \"book\" of the theory's assumptions, Daniel is designing a \"dictionary\" for translating it into other scientific languages \u200b\u200band philosophical implications, drawing on his versatile areas of interest and knowledge of analytical methods and the potential applications of artificial intelligence models. As President of the ISKRA Foundation, he combines the role of popularizer of theory with the mission of ensuring its accuracy, believing that an idea must be both intriguing and verifiable.<\/p>\t\t\r\n\t<\/div>\r\n<\/div>\t\t\t\t<\/div>\n\t\t\t\t<\/div>\n\t\t\t\t<\/div>\r\n\t\t\t\t\t<\/div>\r\n\t\t\t\t<\/div>\r\n\t\t        <section class=\"elementor-section elementor-top-section elementor-element elementor-element-4969049 elementor-section-boxed elementor-section-height-default elementor-section-height-default pxl-row-scroll-none pxl-zoom-point-false pxl-section-overflow-visible pxl-section-fix-none pxl-bg-color-none pxl-section-overlay-none\" data-id=\"4969049\" data-element_type=\"section\">\n\n                \n                <div class=\"elementor-container elementor-column-gap-default\">\n                <div class=\"elementor-column elementor-col-100 elementor-top-column elementor-element elementor-element-323da8e pxl-column-none pxl-column-overflow-hidden-no\" data-id=\"323da8e\" data-element_type=\"column\">\r\n        <div class=\"elementor-widget-wrap elementor-element-populated\">\r\n                     \r\n                <section class=\"elementor-section elementor-inner-section elementor-element elementor-element-0acd11e elementor-section-full_width elementor-section-height-default elementor-section-height-default pxl-row-scroll-none pxl-zoom-point-false pxl-section-overflow-visible pxl-section-fix-none pxl-full-content-with-space-none pxl-bg-color-none pxl-section-overlay-none\" data-id=\"0acd11e\" data-element_type=\"section\" data-settings=\"{&quot;background_background&quot;:&quot;classic&quot;}\">\n\n                \n                <div class=\"elementor-container elementor-column-gap-default\">\n                <div class=\"elementor-column elementor-col-100 elementor-inner-column elementor-element elementor-element-9c35da0 pxl-column-none pxl-column-overflow-hidden-no\" data-id=\"9c35da0\" data-element_type=\"column\">\r\n        <div class=\"elementor-widget-wrap elementor-element-populated\">\r\n                     \r\n        \t\t<div class=\"elementor-element elementor-element-34e9717 elementor-widget elementor-widget-pxl_heading\" data-id=\"34e9717\" data-element_type=\"widget\" data-widget_type=\"pxl_heading.default\">\n\t\t\t\t<div class=\"elementor-widget-container\">\n\t\t\t\t\t\r\n<div id=\"pxl-pxl_heading-34e9717-3255\" class=\"pxl-heading px-sub-title-default-style\">\r\n\t<div class=\"pxl-heading--inner\">\r\n\t\t\r\n\t\t<h3 class=\"pxl-item--title style-default highlight-default\" data-wow-delay=\"ms\">\r\n\r\n\t\t\t<span class=\"pxl-heading--text\">\r\n\r\n\t\t\t\t\t\t\t\t\t\u201cIt is not our mind that creates \u03c0 or \u03c6 \u2013 it is \u03c0 and \u03c6 that shape the possible minds that can exist in this optimal architecture of reality.\u201d\t\r\n\t\t\t\t\t\r\n\r\n\t\t\t<\/span>\r\n\t\t<\/h3>\r\n\t\t\r\n\t<\/div>\r\n<\/div>\t\t\t\t<\/div>\n\t\t\t\t<\/div>\n\t\t\t\t<div class=\"elementor-element elementor-element-59581c0 elementor-absolute pxl-rain-drop-height elementor-widget elementor-widget-pxl_rain_drop\" data-id=\"59581c0\" data-element_type=\"widget\" data-settings=\"{&quot;_position&quot;:&quot;absolute&quot;}\" data-widget_type=\"pxl_rain_drop.default\">\n\t\t\t\t<div class=\"elementor-widget-container\">\n\t\t\t\t\t<div class=\"pxl-rain-drop style-2\">\r\n            <div class=\"pxl-rain-drop-item\"><\/div>\r\n            <div class=\"pxl-rain-drop-item\"><\/div>\r\n            <div class=\"pxl-rain-drop-item\"><\/div>\r\n            <div class=\"pxl-rain-drop-item\"><\/div>\r\n    <\/div>\t\t\t\t<\/div>\n\t\t\t\t<\/div>\n\t\t\t\t<div class=\"elementor-element elementor-element-d7376f6 elementor-widget elementor-widget-pxl_text_editor\" data-id=\"d7376f6\" data-element_type=\"widget\" data-widget_type=\"pxl_text_editor.default\">\n\t\t\t\t<div class=\"elementor-widget-container\">\n\t\t\t\t\t<div class=\"pxl-text-editor highlight-gradient\">\r\n\t<div class=\"pxl-item--inner\" >\r\n\t\t<p><span style=\"color: #ffffff\">\u2014 Daniel Czarnocki<\/span><\/p>\t\t\r\n\t<\/div>\r\n<\/div>\t\t\t\t<\/div>\n\t\t\t\t<\/div>\n\t\t\t\t<div class=\"elementor-element elementor-element-aa9e055 elementor-widget elementor-widget-pxl_text_editor\" data-id=\"aa9e055\" data-element_type=\"widget\" data-widget_type=\"pxl_text_editor.default\">\n\t\t\t\t<div class=\"elementor-widget-container\">\n\t\t\t\t\t<div class=\"pxl-text-editor highlight-gradient\">\r\n\t<div class=\"pxl-item--inner\" >\r\n\t\t\t\t\r\n\t<\/div>\r\n<\/div>\t\t\t\t<\/div>\n\t\t\t\t<\/div>\n\t\t            <\/div>\r\n        <\/div>\r\n        \t\t\t<\/div>\n\t\t<\/section>\n\t\t            <\/div>\r\n        <\/div>\r\n        \t\t\t<\/div>\n\t\t<\/section>\n\t\t\t\t<\/div>","protected":false},"excerpt":{"rendered":"<p>DANIEL CZARNOCKI Prezes Fundacji ISKRAUrodzony 7 stycznia 1984 roku w Warszawie. Jest analitykiem i niezale\u017cnym badaczem, z kt\u00f3rego zainteresowa\u0144 wynika synteza wiedzy z r\u00f3\u017cnych obszar\u00f3w. Jego rola w rozwoju teorii M\u0100Y\u0100 polega na odkrywaniu ukrytych po\u0142\u0105cze\u0144, kt\u00f3re czyni\u0105 z tej teorii klucz do stworzenia j\u0119zyka rzeczywisto\u015bci. Gdzie jego brat, Seweryn, zobaczy\u0142 mechanizm, Daniel dostrzeg\u0142 matryc\u0119 [&hellip;]<\/p>","protected":false},"author":2,"featured_media":0,"parent":0,"menu_order":0,"comment_status":"closed","ping_status":"closed","template":"","meta":{"footnotes":""},"class_list":["post-14839","page","type-page","status-publish","hentry"],"_links":{"self":[{"href":"https:\/\/instytut-iskra.pl\/en\/wp-json\/wp\/v2\/pages\/14839","targetHints":{"allow":["GET"]}}],"collection":[{"href":"https:\/\/instytut-iskra.pl\/en\/wp-json\/wp\/v2\/pages"}],"about":[{"href":"https:\/\/instytut-iskra.pl\/en\/wp-json\/wp\/v2\/types\/page"}],"author":[{"embeddable":true,"href":"https:\/\/instytut-iskra.pl\/en\/wp-json\/wp\/v2\/users\/2"}],"replies":[{"embeddable":true,"href":"https:\/\/instytut-iskra.pl\/en\/wp-json\/wp\/v2\/comments?post=14839"}],"version-history":[{"count":14,"href":"https:\/\/instytut-iskra.pl\/en\/wp-json\/wp\/v2\/pages\/14839\/revisions"}],"predecessor-version":[{"id":15601,"href":"https:\/\/instytut-iskra.pl\/en\/wp-json\/wp\/v2\/pages\/14839\/revisions\/15601"}],"wp:attachment":[{"href":"https:\/\/instytut-iskra.pl\/en\/wp-json\/wp\/v2\/media?parent=14839"}],"curies":[{"name":"wp","href":"https:\/\/api.w.org\/{rel}","templated":true}]}}