{"id":237,"date":"2025-02-04T01:19:06","date_gmt":"2025-02-04T01:19:06","guid":{"rendered":"http:\/\/safebyte.test\/?page_id=237"},"modified":"2026-01-14T23:32:34","modified_gmt":"2026-01-14T22:32:34","slug":"kontakt","status":"publish","type":"page","link":"https:\/\/instytut-iskra.pl\/en\/kontakt\/","title":{"rendered":"Contact"},"content":{"rendered":"<div data-elementor-type=\"wp-page\" data-elementor-id=\"237\" class=\"elementor elementor-237\">\n\t\t\t\t        <section class=\"elementor-section elementor-top-section elementor-element elementor-element-7e7a7b8c elementor-section-full_width elementor-section-stretched page-title-section elementor-section-height-default elementor-section-height-default pxl-row-scroll-none pxl-zoom-point-false pxl-section-overflow-visible pxl-section-fix-none pxl-full-content-with-space-none pxl-bg-color-none pxl-section-overlay-none\" data-id=\"7e7a7b8c\" data-element_type=\"section\" data-settings=\"{&quot;stretch_section&quot;:&quot;section-stretched&quot;,&quot;background_background&quot;:&quot;classic&quot;}\">\n\n                            <div class=\"elementor-background-overlay\"><\/div>\n            \n                <div class=\"elementor-container elementor-column-gap-extended\">\n                <div class=\"elementor-column elementor-col-100 elementor-top-column elementor-element elementor-element-29a095f0 pxl-column-none pxl-column-overflow-hidden-no\" data-id=\"29a095f0\" data-element_type=\"column\">\r\n        <div class=\"elementor-widget-wrap elementor-element-populated\">\r\n                     \r\n        \t\t<div class=\"elementor-element elementor-element-1d1e442 elementor-widget elementor-widget-pxl_heading\" data-id=\"1d1e442\" data-element_type=\"widget\" data-widget_type=\"pxl_heading.default\">\n\t\t\t\t<div class=\"elementor-widget-container\">\n\t\t\t\t\t\r\n<div id=\"pxl-pxl_heading-1d1e442-9577\" class=\"pxl-heading px-sub-title-default-style\">\r\n\t<div class=\"pxl-heading--inner\">\r\n\t\t\r\n\t\t<h3 class=\"pxl-item--title style-default highlight-default\" data-wow-delay=\"ms\">\r\n\r\n\t\t\t<span class=\"pxl-heading--text\">\r\n\r\n\t\t\t\t\t\t\t\t\tContact\t\r\n\t\t\t\t\t\r\n\r\n\t\t\t<\/span>\r\n\t\t<\/h3>\r\n\t\t\r\n\t<\/div>\r\n<\/div>\t\t\t\t<\/div>\n\t\t\t\t<\/div>\n\t\t\t\t<div class=\"elementor-element elementor-element-4ab60f86 elementor-widget elementor-widget-pxl_text_editor\" data-id=\"4ab60f86\" data-element_type=\"widget\" data-widget_type=\"pxl_text_editor.default\">\n\t\t\t\t<div class=\"elementor-widget-container\">\n\t\t\t\t\t<div class=\"pxl-text-editor highlight-gradient\">\r\n\t<div class=\"pxl-item--inner\" >\r\n\t\t<p class=\"translation-block\">Scientific research requires constant verification and dialogue.<br data-start=\"885\" data-end=\"888\">We invite people interested in a substantive exchange of ideas, criticism and their own observations to contact us.<\/p>\t\t\r\n\t<\/div>\r\n<\/div>\t\t\t\t<\/div>\n\t\t\t\t<\/div>\n\t\t\t\t<div class=\"elementor-element elementor-element-4e7e2072 elementor-widget__width-auto elementor-absolute elementor-widget elementor-widget-pxl_circle\" data-id=\"4e7e2072\" data-element_type=\"widget\" data-settings=\"{&quot;_position&quot;:&quot;absolute&quot;}\" data-widget_type=\"pxl_circle.default\">\n\t\t\t\t<div class=\"elementor-widget-container\">\n\t\t\t\t\t<div class=\"pxl-circle\">\r\n    <div class=\"pxl-circle-1\">\r\n        <div class=\"circle-outer-1\">\r\n            <div class=\"circle-border\"><\/div>\r\n            <div class=\"particles\">\r\n                <span><\/span>\r\n                <span><\/span>\r\n                <span><\/span>\r\n                <span><\/span>\r\n            <\/div>\r\n        <\/div>\r\n    <\/div>\r\n    <div class=\"pxl-circle-2\">\r\n        <div class=\"circle-outer\">\r\n            <div class=\"circle-border\"><\/div>\r\n            <div class=\"particles\">\r\n                <span><\/span>\r\n                <span><\/span>\r\n                <span><\/span>\r\n                <span><\/span>\r\n            <\/div>\r\n        <\/div>\r\n    <\/div>\r\n<\/div>\t\t\t\t<\/div>\n\t\t\t\t<\/div>\n\t\t\t\t<div class=\"elementor-element elementor-element-7e183103 elementor-widget__width-auto elementor-widget elementor-widget-pxl_breadcrumb\" data-id=\"7e183103\" data-element_type=\"widget\" data-widget_type=\"pxl_breadcrumb.default\">\n\t\t\t\t<div class=\"elementor-widget-container\">\n\t\t\t\t\t<div class=\"pxl-breadcrumb-wrap\">\r\n\t<ul class=\"pxl-breadcrumb\"><li><span class=\"breadcrumb-entry\">Home<\/span><\/li><\/ul><\/div>\t\t\t\t<\/div>\n\t\t\t\t<\/div>\n\t\t            <\/div>\r\n        <\/div>\r\n        \t\t\t<\/div>\n\t\t<\/section>\n\t\t        <section class=\"elementor-section elementor-top-section elementor-element elementor-element-3695e71 elementor-section-boxed elementor-section-height-default elementor-section-height-default pxl-row-scroll-none pxl-zoom-point-false pxl-section-overflow-visible pxl-section-fix-none pxl-bg-color-none pxl-section-overlay-none\" data-id=\"3695e71\" data-element_type=\"section\">\n\n                \n                <div class=\"elementor-container elementor-column-gap-default\">\n                <div class=\"elementor-column elementor-col-100 elementor-top-column elementor-element elementor-element-312e77b pxl-column-none pxl-column-overflow-hidden-no\" data-id=\"312e77b\" data-element_type=\"column\" data-settings=\"{&quot;background_background&quot;:&quot;classic&quot;}\">\r\n        <div class=\"elementor-widget-wrap elementor-element-populated\">\r\n                     \r\n                <section class=\"elementor-section elementor-inner-section elementor-element elementor-element-a5ed521 elementor-section-full_width elementor-section-height-default elementor-section-height-default pxl-row-scroll-none pxl-zoom-point-false pxl-section-overflow-visible pxl-section-fix-none pxl-full-content-with-space-none pxl-bg-color-none pxl-section-overlay-none\" data-id=\"a5ed521\" data-element_type=\"section\">\n\n                \n                <div class=\"elementor-container elementor-column-gap-default\">\n                <div class=\"elementor-column elementor-col-50 elementor-inner-column elementor-element elementor-element-fcc67bd pxl-column-none pxl-column-overflow-hidden-no\" data-id=\"fcc67bd\" data-element_type=\"column\">\r\n        <div class=\"elementor-widget-wrap elementor-element-populated\">\r\n                     \r\n        \t\t<div class=\"elementor-element elementor-element-b96dbe8 elementor-widget__width-auto elementor-widget elementor-widget-pxl_heading\" data-id=\"b96dbe8\" data-element_type=\"widget\" data-widget_type=\"pxl_heading.default\">\n\t\t\t\t<div class=\"elementor-widget-container\">\n\t\t\t\t\t\r\n<div id=\"pxl-pxl_heading-b96dbe8-7047\" class=\"pxl-heading px-sub-title-default-style\">\r\n\t<div class=\"pxl-heading--inner\">\r\n\t\t\r\n\t\t<h3 class=\"pxl-item--title style-default highlight-default wow PXLfadeInUp\" data-wow-delay=\"200ms\">\r\n\r\n\t\t\t<span class=\"pxl-heading--text\">\r\n\r\n\t\t\t\t\t\t\t\t\tWrite to us!\t\r\n\t\t\t\t\t\r\n\r\n\t\t\t<\/span>\r\n\t\t<\/h3>\r\n\t\t\r\n\t<\/div>\r\n<\/div>\t\t\t\t<\/div>\n\t\t\t\t<\/div>\n\t\t\t\t<div class=\"elementor-element elementor-element-5641f7a elementor-widget elementor-widget-pxl_text_editor\" data-id=\"5641f7a\" data-element_type=\"widget\" data-widget_type=\"pxl_text_editor.default\">\n\t\t\t\t<div class=\"elementor-widget-container\">\n\t\t\t\t\t<div class=\"pxl-text-editor highlight-gradient\">\r\n\t<div class=\"pxl-item--inner wow PXLfadeInUp\" data-wow-delay=\"250ms\">\r\n\t\t<p>We are open to dialogue and cooperation - please contact us.<\/p>\t\t\r\n\t<\/div>\r\n<\/div>\t\t\t\t<\/div>\n\t\t\t\t<\/div>\n\t\t\t\t<div class=\"elementor-element elementor-element-0407d9f elementor-widget__width-auto elementor-widget elementor-widget-pxl_icon_box\" data-id=\"0407d9f\" data-element_type=\"widget\" data-widget_type=\"pxl_icon_box.default\">\n\t\t\t\t<div class=\"elementor-widget-container\">\n\t\t\t\t\t<div class=\"pxl-icon-box pxl-icon-box2  wow PXLfadeInUp\" data-wow-delay=\"300ms\">\r\n    \r\n            <div class=\"pxl-item--icon\">\r\n            <i aria-hidden=\"true\" class=\"far fa-map-marker-alt\"><\/i>        <\/div>\r\n            <div class=\"pxl-item--body\">\r\n        <h5 class=\"pxl-item--title el-empty\">Correspondence address<\/h5>\r\n        <div class=\"pxl-item--description el-empty\">03-699 Warszawa, ul. Uznamska 8\/58\n<\/div>\r\n    <\/div>\r\n<\/div>\t\t\t\t<\/div>\n\t\t\t\t<\/div>\n\t\t\t\t<div class=\"elementor-element elementor-element-2d4349f elementor-widget__width-initial elementor-widget elementor-widget-pxl_icon_box\" data-id=\"2d4349f\" data-element_type=\"widget\" data-widget_type=\"pxl_icon_box.default\">\n\t\t\t\t<div class=\"elementor-widget-container\">\n\t\t\t\t\t<div class=\"pxl-icon-box pxl-icon-box2  wow PXLfadeInUp\" data-wow-delay=\"300ms\">\r\n    \r\n            <div class=\"pxl-item--icon\">\r\n            <i aria-hidden=\"true\" class=\"flaticon flaticon-chat\"><\/i>        <\/div>\r\n            <div class=\"pxl-item--body\">\r\n        <h5 class=\"pxl-item--title el-empty\">Telephone<\/h5>\r\n        <div class=\"pxl-item--description el-empty\">PL (+48) 878-434-243\nPL\/EN(+48) 797-763-016<\/div>\r\n    <\/div>\r\n<\/div>\t\t\t\t<\/div>\n\t\t\t\t<\/div>\n\t\t\t\t<div class=\"elementor-element elementor-element-287f496 elementor-widget__width-auto elementor-widget elementor-widget-pxl_icon_box\" data-id=\"287f496\" data-element_type=\"widget\" data-widget_type=\"pxl_icon_box.default\">\n\t\t\t\t<div class=\"elementor-widget-container\">\n\t\t\t\t\t<div class=\"pxl-icon-box pxl-icon-box2  wow PXLfadeInUp\" data-wow-delay=\"350ms\">\r\n    \r\n            <div class=\"pxl-item--icon\">\r\n            <i aria-hidden=\"true\" class=\"fal fa-envelope-open\"><\/i>        <\/div>\r\n            <div class=\"pxl-item--body\">\r\n        <h5 class=\"pxl-item--title el-empty\">Email <\/h5>\r\n        <div class=\"pxl-item--description el-empty\">contact@instytut-iskra.pl<\/div>\r\n    <\/div>\r\n<\/div>\t\t\t\t<\/div>\n\t\t\t\t<\/div>\n\t\t\t\t<div class=\"elementor-element elementor-element-39a83d8 elementor-widget-divider--view-line elementor-widget elementor-widget-divider\" data-id=\"39a83d8\" data-element_type=\"widget\" data-widget_type=\"divider.default\">\n\t\t\t\t\t\t\t<div class=\"elementor-divider\">\n\t\t\t<span class=\"elementor-divider-separator\">\n\t\t\t\t\t\t<\/span>\n\t\t<\/div>\n\t\t\t\t\t\t<\/div>\n\t\t\t\t<div class=\"elementor-element elementor-element-d8881f7 elementor-widget__width-auto elementor-widget elementor-widget-pxl_heading\" data-id=\"d8881f7\" data-element_type=\"widget\" data-widget_type=\"pxl_heading.default\">\n\t\t\t\t<div class=\"elementor-widget-container\">\n\t\t\t\t\t\r\n<div id=\"pxl-pxl_heading-d8881f7-3824\" class=\"pxl-heading px-sub-title-default-style\">\r\n\t<div class=\"pxl-heading--inner\">\r\n\t\t\r\n\t\t<h3 class=\"pxl-item--title style-default highlight-default wow PXLfadeInUp\" data-wow-delay=\"400ms\">\r\n\r\n\t\t\t<span class=\"pxl-heading--text\">\r\n\r\n\t\t\t\t\t\t\t\t\tFollow us:\t\r\n\t\t\t\t\t\r\n\r\n\t\t\t<\/span>\r\n\t\t<\/h3>\r\n\t\t\r\n\t<\/div>\r\n<\/div>\t\t\t\t<\/div>\n\t\t\t\t<\/div>\n\t\t\t\t<div class=\"elementor-element elementor-element-947ab24 elementor-widget__width-auto elementor-widget elementor-widget-pxl_icon\" data-id=\"947ab24\" data-element_type=\"widget\" data-widget_type=\"pxl_icon.default\">\n\t\t\t\t<div class=\"elementor-widget-container\">\n\t\t\t\t\t    <div class=\"pxl-icon-list pxl-icon1 wow PXLfadeInUp icon-horizontal style-1\" data-wow-delay=\"400ms\">\r\n                                    <div class=\"pxl-icon-item none\">\r\n                    <a href=\"#\">\r\n                        <i aria-hidden=\"true\" class=\"fab fa-facebook-f\"><\/i>                                                    <span class=\"pxl-icon-label\">Facebook<\/span>\r\n                                            <\/a>\r\n                <\/div>\r\n                                                <div class=\"pxl-icon-item none\">\r\n                    <a href=\"#\">\r\n                        <i aria-hidden=\"true\" class=\"fab fa-twitter\"><\/i>                                                    <span class=\"pxl-icon-label\">Twitter \/ X<\/span>\r\n                                            <\/a>\r\n                <\/div>\r\n                        <\/div>\r\n\t\t\t\t<\/div>\n\t\t\t\t<\/div>\n\t\t            <\/div>\r\n        <\/div>\r\n                <div class=\"elementor-column elementor-col-50 elementor-inner-column elementor-element elementor-element-58beb62 pxl-column-none pxl-column-overflow-hidden-no\" data-id=\"58beb62\" data-element_type=\"column\">\r\n        <div class=\"elementor-widget-wrap elementor-element-populated\">\r\n                     \r\n        \t\t<div class=\"elementor-element elementor-element-5a2d15f elementor-widget elementor-widget-pxl_contact_form\" data-id=\"5a2d15f\" data-element_type=\"widget\" data-widget_type=\"pxl_contact_form.default\">\n\t\t\t\t<div class=\"elementor-widget-container\">\n\t\t\t\t\t    <div class=\"pxl-contact-form pxl-contact-form1 btn-w-auto wow PXLfadeInUp\" data-wow-delay=\"300ms\">\r\n        \n<div class=\"wpcf7 no-js\" id=\"wpcf7-f812-o1\" lang=\"en-US\" dir=\"ltr\" data-wpcf7-id=\"812\">\n<div class=\"screen-reader-response\"><p role=\"status\" aria-live=\"polite\" aria-atomic=\"true\"><\/p> <ul><\/ul><\/div>\n<form action=\"\/en\/wp-json\/wp\/v2\/pages\/237#wpcf7-f812-o1\" method=\"post\" class=\"wpcf7-form init\" aria-label=\"Contact form\" novalidate=\"novalidate\" data-status=\"init\" data-trp-original-action=\"\/en\/wp-json\/wp\/v2\/pages\/237#wpcf7-f812-o1\">\n<fieldset class=\"hidden-fields-container\"><input type=\"hidden\" name=\"_wpcf7\" value=\"812\" \/><input type=\"hidden\" name=\"_wpcf7_version\" value=\"6.1.4\" \/><input type=\"hidden\" name=\"_wpcf7_locale\" value=\"en_US\" \/><input type=\"hidden\" name=\"_wpcf7_unit_tag\" value=\"wpcf7-f812-o1\" \/><input type=\"hidden\" name=\"_wpcf7_container_post\" value=\"0\" \/><input type=\"hidden\" name=\"_wpcf7_posted_data_hash\" value=\"\" \/>\n<\/fieldset>\n<div class=\"cf7-contact-us\">\n\t<div class=\"row\">\n\t\t<div class=\"col-md-12 col-lg-12 col-xl-6\">\n\t\t\t<p><span class=\"wpcf7-form-control-wrap\" data-name=\"your-name\"><input size=\"40\" maxlength=\"400\" class=\"wpcf7-form-control wpcf7-text wpcf7-validates-as-required\" aria-required=\"true\" aria-invalid=\"false\" placeholder=\"*Name and Surname\" value=\"\" type=\"text\" name=\"your-name\" \/><\/span>\n\t\t\t<\/p>\n\t\t<\/div>\n\t\t<div class=\"col-md-12 col-lg-12 col-xl-6\">\n\t\t\t<p><span class=\"wpcf7-form-control-wrap\" data-name=\"your-email\"><input size=\"40\" maxlength=\"400\" class=\"wpcf7-form-control wpcf7-email wpcf7-validates-as-required wpcf7-text wpcf7-validates-as-email\" aria-required=\"true\" aria-invalid=\"false\" placeholder=\"*Email\" value=\"\" type=\"email\" name=\"your-email\" \/><\/span>\n\t\t\t<\/p>\n\t\t<\/div>\n\t<\/div>\n\t<div class=\"row\">\n\t\t<div class=\"col-12\">\n\t\t\t<p><span class=\"wpcf7-form-control-wrap\" data-name=\"your-message\"><textarea cols=\"40\" rows=\"10\" maxlength=\"2000\" class=\"wpcf7-form-control wpcf7-textarea wpcf7-validates-as-required\" aria-required=\"true\" aria-invalid=\"false\" placeholder=\"Your message...\" name=\"your-message\"><\/textarea><\/span>\n\t\t\t<\/p>\n\t\t<\/div>\n\t<\/div>\n\t<div class=\"col-12 col-md-6 col-lg-6 col-xl-6 cf7-services-footer-col-1\">\n\t\t<p><span class=\"wpcf7-form-control-wrap\" data-name=\"accept_terms\"><span class=\"wpcf7-form-control wpcf7-acceptance\"><span class=\"wpcf7-list-item\"><label class=\"translation-block\"><span class=\"wpcf7-list-item-label\">I consent to the processing of my personal data for the purpose of processing my inquiry\/contact, in accordance with the Privacy Policy.<\/span><\/label><\/span><\/span><\/span>\n\t\t<\/p>\n\t<\/div>\n\t<p><button type=\"submit\">Send <i class=\"fa-solid fa-paper-plane-top\"><\/i><\/button>\n\t<\/p>\n<\/div><div class=\"wpcf7-response-output\" aria-hidden=\"true\"><\/div>\n<input type=\"hidden\" name=\"trp-form-language\" value=\"en\"\/><\/form>\n<\/div>\n    <\/div>\r\n\t\t\t\t<\/div>\n\t\t\t\t<\/div>\n\t\t\t\t<div class=\"elementor-element elementor-element-7d0c891 elementor-widget__width-auto elementor-absolute elementor-widget elementor-widget-pxl_sphere\" data-id=\"7d0c891\" data-element_type=\"widget\" data-settings=\"{&quot;_position&quot;:&quot;absolute&quot;}\" data-widget_type=\"pxl_sphere.default\">\n\t\t\t\t<div class=\"elementor-widget-container\">\n\t\t\t\t\t\r\n<div class=\"pxl-sphere\" \r\n    data-size=\"850\"\r\n    data-radius=\"255\"\r\n    data-color=\"#CBD3E7\"\r\n    data-rotation=\"both_axis\"\r\n    data-speed=\"0.005\"\r\n    data-xspeed=\"0.003\"\r\n    data-yspeed=\"0.005\"\r\n    data-tilt=\"-30\">\r\n    <canvas id=\"sphereCanvas_69e38185199d4\"><\/canvas>\r\n<\/div>\r\n\r\n<style>\r\n.pxl-sphere {\r\n    width: 850px;\r\n    height: 850px;\r\n    display: flex;\r\n    justify-content: center;\r\n    align-items: center;\r\n    background: transparent;\r\n    position: relative; \/* Add position relative *\/\r\n}\r\n\r\n.pxl-sphere canvas {\r\n    display: block;\r\n    position: absolute; \/* Ensure canvas is positioned correctly *\/\r\n    top: 0;\r\n    left: 0;\r\n}\r\n<\/style>\t\t\t\t<\/div>\n\t\t\t\t<\/div>\n\t\t            <\/div>\r\n        <\/div>\r\n        \t\t\t<\/div>\n\t\t<\/section>\n\t\t            <\/div>\r\n        <\/div>\r\n        \t\t\t<\/div>\n\t\t<\/section>\n\t\t        <section class=\"elementor-section elementor-top-section elementor-element elementor-element-9c08e16 elementor-section-boxed elementor-section-height-default elementor-section-height-default pxl-row-scroll-none pxl-zoom-point-false pxl-section-overflow-visible pxl-section-fix-none pxl-bg-color-none pxl-section-overlay-none\" data-id=\"9c08e16\" data-element_type=\"section\">\n\n                \n                <div class=\"elementor-container elementor-column-gap-default\">\n                <div class=\"elementor-column elementor-col-100 elementor-top-column elementor-element elementor-element-9a71a2d pxl-column-none pxl-column-overflow-hidden-no\" data-id=\"9a71a2d\" data-element_type=\"column\">\r\n        <div class=\"elementor-widget-wrap elementor-element-populated\">\r\n                     \r\n                <section class=\"elementor-section elementor-inner-section elementor-element elementor-element-01ce527 elementor-section-full_width elementor-section-height-min-height elementor-section-height-default pxl-row-scroll-none pxl-zoom-point-false pxl-section-overflow-visible pxl-section-fix-none pxl-full-content-with-space-none pxl-bg-color-none pxl-section-overlay-none\" data-id=\"01ce527\" data-element_type=\"section\" data-settings=\"{&quot;background_background&quot;:&quot;classic&quot;}\">\n\n                \n                <div class=\"elementor-container elementor-column-gap-default\">\n                <div class=\"elementor-column elementor-col-100 elementor-inner-column elementor-element elementor-element-f1e1453 pxl-column-none pxl-column-overflow-hidden-no\" data-id=\"f1e1453\" data-element_type=\"column\">\r\n        <div class=\"elementor-widget-wrap\">\r\n                     \r\n                    <\/div>\r\n        <\/div>\r\n        \t\t\t<\/div>\n\t\t<\/section>\n\t\t            <\/div>\r\n        <\/div>\r\n        \t\t\t<\/div>\n\t\t<\/section>\n\t\t\t\t<\/div>","protected":false},"excerpt":{"rendered":"<p>Kontakt Badania naukowe wymagaj\u0105 ci\u0105g\u0142ej weryfikacji i dialogu.Zapraszamy do kontaktu osoby zainteresowane merytoryczn\u0105 wymian\u0105 my\u015bli, krytyk\u0105 i w\u0142asnymi obserwacjami. Home Napisz do nas! Jeste\u015bmy otwarci na dialog i wsp\u00f3\u0142prac\u0119 \u2014 zapraszamy do kontaktu. Adres do korespondencji 03-699 Warszawa, ul. Uznamska 8\/58 Telefon PL (+48) 878-434-243 PL\/EN(+48) 797-763-016 Email contact@instytut-iskra.pl Follow us: Facebook Twitter \/ X [&hellip;]<\/p>","protected":false},"author":1,"featured_media":0,"parent":0,"menu_order":0,"comment_status":"closed","ping_status":"closed","template":"","meta":{"footnotes":""},"class_list":["post-237","page","type-page","status-publish","hentry"],"_links":{"self":[{"href":"https:\/\/instytut-iskra.pl\/en\/wp-json\/wp\/v2\/pages\/237","targetHints":{"allow":["GET"]}}],"collection":[{"href":"https:\/\/instytut-iskra.pl\/en\/wp-json\/wp\/v2\/pages"}],"about":[{"href":"https:\/\/instytut-iskra.pl\/en\/wp-json\/wp\/v2\/types\/page"}],"author":[{"embeddable":true,"href":"https:\/\/instytut-iskra.pl\/en\/wp-json\/wp\/v2\/users\/1"}],"replies":[{"embeddable":true,"href":"https:\/\/instytut-iskra.pl\/en\/wp-json\/wp\/v2\/comments?post=237"}],"version-history":[{"count":25,"href":"https:\/\/instytut-iskra.pl\/en\/wp-json\/wp\/v2\/pages\/237\/revisions"}],"predecessor-version":[{"id":15619,"href":"https:\/\/instytut-iskra.pl\/en\/wp-json\/wp\/v2\/pages\/237\/revisions\/15619"}],"wp:attachment":[{"href":"https:\/\/instytut-iskra.pl\/en\/wp-json\/wp\/v2\/media?parent=237"}],"curies":[{"name":"wp","href":"https:\/\/api.w.org\/{rel}","templated":true}]}}