{"id":2805,"date":"2025-02-24T15:07:01","date_gmt":"2025-02-24T15:07:01","guid":{"rendered":"http:\/\/safebyte.test\/?page_id=2805"},"modified":"2026-01-10T12:38:50","modified_gmt":"2026-01-10T11:38:50","slug":"cele-fundacji","status":"publish","type":"page","link":"https:\/\/instytut-iskra.pl\/en\/cele-fundacji\/","title":{"rendered":"Foundation's goals"},"content":{"rendered":"<div data-elementor-type=\"wp-page\" data-elementor-id=\"2805\" class=\"elementor elementor-2805\">\n\t\t\t\t        <section class=\"elementor-section elementor-top-section elementor-element elementor-element-7359a250 elementor-section-full_width elementor-section-stretched page-title-section elementor-section-height-default elementor-section-height-default pxl-row-scroll-none pxl-zoom-point-false pxl-section-overflow-visible pxl-section-fix-none pxl-full-content-with-space-none pxl-bg-color-none pxl-section-overlay-none\" data-id=\"7359a250\" data-element_type=\"section\" data-settings=\"{&quot;stretch_section&quot;:&quot;section-stretched&quot;,&quot;background_background&quot;:&quot;classic&quot;}\">\n\n                            <div class=\"elementor-background-overlay\"><\/div>\n            \n                <div class=\"elementor-container elementor-column-gap-extended\">\n                <div class=\"elementor-column elementor-col-100 elementor-top-column elementor-element elementor-element-76c119b5 pxl-column-none pxl-column-overflow-hidden-no\" data-id=\"76c119b5\" data-element_type=\"column\">\r\n        <div class=\"elementor-widget-wrap elementor-element-populated\">\r\n                     \r\n        \t\t<div class=\"elementor-element elementor-element-3a5f3912 elementor-widget elementor-widget-pxl_heading\" data-id=\"3a5f3912\" data-element_type=\"widget\" data-widget_type=\"pxl_heading.default\">\n\t\t\t\t<div class=\"elementor-widget-container\">\n\t\t\t\t\t\r\n<div id=\"pxl-pxl_heading-3a5f3912-7065\" class=\"pxl-heading px-sub-title-default-style\">\r\n\t<div class=\"pxl-heading--inner\">\r\n\t\t\r\n\t\t<h3 class=\"pxl-item--title style-default highlight-default\" data-wow-delay=\"ms\">\r\n\r\n\t\t\t<span class=\"pxl-heading--text\">\r\n\r\n\t\t\t\t\t\t\t\t\tGoals of the ISKRA Foundation\t\r\n\t\t\t\t\t\r\n\r\n\t\t\t<\/span>\r\n\t\t<\/h3>\r\n\t\t\r\n\t<\/div>\r\n<\/div>\t\t\t\t<\/div>\n\t\t\t\t<\/div>\n\t\t\t\t<div class=\"elementor-element elementor-element-1035ad8b elementor-widget elementor-widget-pxl_text_editor\" data-id=\"1035ad8b\" data-element_type=\"widget\" data-widget_type=\"pxl_text_editor.default\">\n\t\t\t\t<div class=\"elementor-widget-container\">\n\t\t\t\t\t<div class=\"pxl-text-editor highlight-gradient\">\r\n\t<div class=\"pxl-item--inner\" >\r\n\t\t<p>Goals of the ISKRA Foundation<\/p>\t\t\r\n\t<\/div>\r\n<\/div>\t\t\t\t<\/div>\n\t\t\t\t<\/div>\n\t\t\t\t<div class=\"elementor-element elementor-element-b1edbbe elementor-widget__width-auto elementor-absolute elementor-widget elementor-widget-pxl_circle\" data-id=\"b1edbbe\" data-element_type=\"widget\" data-settings=\"{&quot;_position&quot;:&quot;absolute&quot;}\" data-widget_type=\"pxl_circle.default\">\n\t\t\t\t<div class=\"elementor-widget-container\">\n\t\t\t\t\t<div class=\"pxl-circle\">\r\n    <div class=\"pxl-circle-1\">\r\n        <div class=\"circle-outer-1\">\r\n            <div class=\"circle-border\"><\/div>\r\n            <div class=\"particles\">\r\n                <span><\/span>\r\n                <span><\/span>\r\n                <span><\/span>\r\n                <span><\/span>\r\n            <\/div>\r\n        <\/div>\r\n    <\/div>\r\n    <div class=\"pxl-circle-2\">\r\n        <div class=\"circle-outer\">\r\n            <div class=\"circle-border\"><\/div>\r\n            <div class=\"particles\">\r\n                <span><\/span>\r\n                <span><\/span>\r\n                <span><\/span>\r\n                <span><\/span>\r\n            <\/div>\r\n        <\/div>\r\n    <\/div>\r\n<\/div>\t\t\t\t<\/div>\n\t\t\t\t<\/div>\n\t\t\t\t<div class=\"elementor-element elementor-element-4ba257ae elementor-widget__width-auto elementor-widget elementor-widget-pxl_breadcrumb\" data-id=\"4ba257ae\" data-element_type=\"widget\" data-widget_type=\"pxl_breadcrumb.default\">\n\t\t\t\t<div class=\"elementor-widget-container\">\n\t\t\t\t\t<div class=\"pxl-breadcrumb-wrap\">\r\n\t<ul class=\"pxl-breadcrumb\"><li><span class=\"breadcrumb-entry\">Home<\/span><\/li><\/ul><\/div>\t\t\t\t<\/div>\n\t\t\t\t<\/div>\n\t\t            <\/div>\r\n        <\/div>\r\n        \t\t\t<\/div>\n\t\t<\/section>\n\t\t        <section class=\"elementor-section elementor-top-section elementor-element elementor-element-9912df7 elementor-section-boxed elementor-section-height-default elementor-section-height-default pxl-row-scroll-none pxl-zoom-point-false pxl-section-overflow-visible pxl-section-fix-none pxl-bg-color-none pxl-section-overlay-none\" data-id=\"9912df7\" data-element_type=\"section\">\n\n                \n                <div class=\"elementor-container elementor-column-gap-default\">\n                <div class=\"elementor-column elementor-col-50 elementor-top-column elementor-element elementor-element-cd2c78d pxl-column-none pxl-column-overflow-hidden-no\" data-id=\"cd2c78d\" data-element_type=\"column\">\r\n        <div class=\"elementor-widget-wrap elementor-element-populated\">\r\n                     \r\n        \t\t<div class=\"elementor-element elementor-element-51e19cc elementor-widget-laptop__width-initial elementor-widget elementor-widget-pxl_text_editor\" data-id=\"51e19cc\" data-element_type=\"widget\" data-widget_type=\"pxl_text_editor.default\">\n\t\t\t\t<div class=\"elementor-widget-container\">\n\t\t\t\t\t<div class=\"pxl-text-editor highlight-gradient\">\r\n\t<div class=\"pxl-item--inner wow PXLfadeInUp\" data-wow-delay=\"200ms\">\r\n\t\t<p data-start=\"339\" data-end=\"840\">The ISKRA Foundation (being set up) was founded on the belief that modern science has reached a critical juncture. On the one hand, we possess theories of extraordinary predictive power that precisely describe the behavior of matter, energy, and space-time. On the other, it is increasingly clear that they lack the language to describe the very mechanism of reality. General relativity and quantum mechanics tell us how phenomena occur, but they do not answer the question of what reality actually is.<\/p><p data-start=\"842\" data-end=\"894\">\u00a0<\/p>\t\t\r\n\t<\/div>\r\n<\/div>\t\t\t\t<\/div>\n\t\t\t\t<\/div>\n\t\t            <\/div>\r\n        <\/div>\r\n                <div class=\"elementor-column elementor-col-50 elementor-top-column elementor-element elementor-element-96b6fcb pxl-column-none pxl-column-overflow-hidden-no\" data-id=\"96b6fcb\" data-element_type=\"column\">\r\n        <div class=\"elementor-widget-wrap elementor-element-populated\">\r\n                     \r\n        \t\t<div class=\"elementor-element elementor-element-2d1b550 elementor-widget elementor-widget-pxl_image\" data-id=\"2d1b550\" data-element_type=\"widget\" data-widget_type=\"pxl_image.default\">\n\t\t\t\t<div class=\"elementor-widget-container\">\n\t\t\t\t\t<div id=\"pxl_image-2d1b550-8575\" class=\"pxl-image-single pxl-disable-parallax-sm\" data-wow-delay=\"ms\"  >\r\n    <div class=\"pxl-item--inner\" data-wow-delay=\"120ms\">\r\n                \r\n                                <div class=\"pxl-item--image\" data-parallax-value=\"\">\r\n                                                    <img fetchpriority=\"high\" decoding=\"async\" width=\"739\" height=\"500\" src=\"https:\/\/instytut-iskra.pl\/wp-content\/uploads\/2025\/12\/planxele-1.jpg\" class=\"no-lazyload attachment-full\" alt=\"\" \/>                                                                    <\/div>\r\n                                <\/div>\r\n<\/div>\t\t\t\t<\/div>\n\t\t\t\t<\/div>\n\t\t            <\/div>\r\n        <\/div>\r\n        \t\t\t<\/div>\n\t\t<\/section>\n\t\t        <section class=\"elementor-section elementor-top-section elementor-element elementor-element-bee4d4e elementor-section-boxed elementor-section-height-default elementor-section-height-default pxl-row-scroll-none pxl-zoom-point-false pxl-section-overflow-visible pxl-section-fix-none pxl-bg-color-none pxl-section-overlay-none\" data-id=\"bee4d4e\" data-element_type=\"section\">\n\n                \n                <div class=\"elementor-container elementor-column-gap-default\">\n                <div class=\"elementor-column elementor-col-100 elementor-top-column elementor-element elementor-element-d0ec5d4 pxl-column-none pxl-column-overflow-hidden-no\" data-id=\"d0ec5d4\" data-element_type=\"column\">\r\n        <div class=\"elementor-widget-wrap elementor-element-populated\">\r\n                     \r\n        \t\t<div class=\"elementor-element elementor-element-0f2dd3c elementor-widget-divider--view-line elementor-widget elementor-widget-divider\" data-id=\"0f2dd3c\" data-element_type=\"widget\" data-widget_type=\"divider.default\">\n\t\t\t\t\t\t\t<div class=\"elementor-divider\">\n\t\t\t<span class=\"elementor-divider-separator\">\n\t\t\t\t\t\t<\/span>\n\t\t<\/div>\n\t\t\t\t\t\t<\/div>\n\t\t            <\/div>\r\n        <\/div>\r\n        \t\t\t<\/div>\n\t\t<\/section>\n\t\t<div class=\"elementor-element elementor-element-6c07ebc e-flex e-con-boxed e-con e-parent\" data-id=\"6c07ebc\" data-element_type=\"container\">\t\t\t<div class=\"e-con-inner\">\r\n\t\t\t\t<div class=\"elementor-element elementor-element-74c03e7 elementor-widget elementor-widget-pxl_text_editor\" data-id=\"74c03e7\" data-element_type=\"widget\" data-widget_type=\"pxl_text_editor.default\">\n\t\t\t\t<div class=\"elementor-widget-container\">\n\t\t\t\t\t<div class=\"pxl-text-editor highlight-gradient\">\r\n\t<div class=\"pxl-item--inner\" >\r\n\t\t<blockquote><p><strong>\u201cAll our theories are just descriptions of relationships between observable quantities. They say nothing about what actually happens in nature.\u201d<\/strong><\/p><p><strong>\u2013 Albert Einstein<\/strong><\/p><p>The M\u0101y\u0101 theory is an attempt to cross this very boundary \u2013 from description to mechanism.<\/p><\/blockquote>\t\t\r\n\t<\/div>\r\n<\/div>\t\t\t\t<\/div>\n\t\t\t\t<\/div>\n\t\t\t\t\t<\/div>\r\n\t\t\t\t<\/div>\r\n\t\t        <section class=\"elementor-section elementor-top-section elementor-element elementor-element-ab5ecfb elementor-section-boxed elementor-section-height-default elementor-section-height-default pxl-row-scroll-none pxl-zoom-point-false pxl-section-overflow-visible pxl-section-fix-none pxl-bg-color-none pxl-section-overlay-none\" data-id=\"ab5ecfb\" data-element_type=\"section\">\n\n                \n                <div class=\"elementor-container elementor-column-gap-default\">\n                <div class=\"elementor-column elementor-col-33 elementor-top-column elementor-element elementor-element-0dbe395 pxl-column-none pxl-column-overflow-hidden-no\" data-id=\"0dbe395\" data-element_type=\"column\">\r\n        <div class=\"elementor-widget-wrap elementor-element-populated\">\r\n                     \r\n        \t\t<div class=\"elementor-element elementor-element-c5987c3 elementor-widget elementor-widget-pxl_heading\" data-id=\"c5987c3\" data-element_type=\"widget\" data-widget_type=\"pxl_heading.default\">\n\t\t\t\t<div class=\"elementor-widget-container\">\n\t\t\t\t\t\r\n<div id=\"pxl-pxl_heading-c5987c3-4178\" class=\"pxl-heading px-sub-title-default-style\">\r\n\t<div class=\"pxl-heading--inner\">\r\n\t\t\r\n\t\t<h3 class=\"pxl-item--title style-default highlight-default\" data-wow-delay=\"ms\">\r\n\r\n\t\t\t<span class=\"pxl-heading--text\">\r\n\r\n\t\t\t\t\t\t\t\t\tGoals of the ISKRA Foundation\t\r\n\t\t\t\t\t\r\n\r\n\t\t\t<\/span>\r\n\t\t<\/h3>\r\n\t\t\r\n\t<\/div>\r\n<\/div>\t\t\t\t<\/div>\n\t\t\t\t<\/div>\n\t\t        <section class=\"elementor-section elementor-inner-section elementor-element elementor-element-850f2a0 elementor-section-boxed elementor-section-height-default elementor-section-height-default pxl-row-scroll-none pxl-zoom-point-false pxl-section-overflow-visible pxl-section-fix-none pxl-bg-color-none pxl-section-overlay-none\" data-id=\"850f2a0\" data-element_type=\"section\">\n\n                \n                <div class=\"elementor-container elementor-column-gap-default\">\n                <div class=\"elementor-column elementor-col-100 elementor-inner-column elementor-element elementor-element-8d99742 pxl-column-none pxl-column-overflow-hidden-no\" data-id=\"8d99742\" data-element_type=\"column\">\r\n        <div class=\"elementor-widget-wrap elementor-element-populated\">\r\n                     \r\n        \t\t<div class=\"elementor-element elementor-element-87105a7 elementor-widget__width-initial pxl-twisted-arrow elementor-hidden-tablet elementor-hidden-mobile elementor-widget elementor-widget-pxl_icon\" data-id=\"87105a7\" data-element_type=\"widget\" data-widget_type=\"pxl_icon.default\">\n\t\t\t\t<div class=\"elementor-widget-container\">\n\t\t\t\t\t    <div class=\"pxl-icon-list pxl-icon1 wow fadeInDown icon-horizontal style-3\" data-wow-delay=\"400ms\">\r\n                                    <div class=\"pxl-icon-item animated\">\r\n                    <a >\r\n                        <svg xmlns=\"http:\/\/www.w3.org\/2000\/svg\" id=\"OBJECTS\" viewbox=\"0 0 145.64 35.15\"><defs><style>.cls-1{fill-rule:evenodd;}<\/style><\/defs><path class=\"cls-1\" d=\"M349.51,289.49a35,35,0,0,1-5.62,4.05,44.66,44.66,0,0,1-15,5.21,62.49,62.49,0,0,1-21.72-.28,42.73,42.73,0,0,1-19.48-8.93,44.85,44.85,0,0,1-5.13-5.18,36.13,36.13,0,0,1-4.19-5.95l-2.23-4.62-.82-2.14-.08,0h0a.16.16,0,0,0,.07-.22l-.37.16a2.2,2.2,0,0,0-.15,1.1,9.91,9.91,0,0,0,.3,1.48c.17.69.36,1.38.59,2.05a30.91,30.91,0,0,0,1.23,3,33.18,33.18,0,0,0,4.08,6.49,39,39,0,0,0,5.39,5.43,44.5,44.5,0,0,0,20.42,9.26,64,64,0,0,0,22.37.19,47,47,0,0,0,15.6-5.45,37.58,37.58,0,0,0,5.89-4.18c9.15,10.47,23.11,12.74,36.43,8.81a49.87,49.87,0,0,0,19-10.5,48.62,48.62,0,0,0,12.43-17.59.43.43,0,0,0-.2-.55.41.41,0,0,0-.54.2,50.82,50.82,0,0,1-13.4,15.92,52.08,52.08,0,0,1-18.15,9.69c-12.26,3.51-25.09,1.59-33.45-8a30.47,30.47,0,0,0,4-5.15c1.59-2.59,3.12-6.49,2.95-9.92a7.33,7.33,0,0,0-3.65-6.32,7.2,7.2,0,0,0-7.29-.17,8.88,8.88,0,0,0-4.35,5.87,15.23,15.23,0,0,0,.32,7.34,25.22,25.22,0,0,0,3,6.52C348.31,287.88,348.9,288.7,349.51,289.49Zm2.14-2.1a29.22,29.22,0,0,0,3.53-4.69c1.4-2.31,2.81-5.78,2.61-8.82a5.36,5.36,0,0,0-2.75-4.57,5,5,0,0,0-5.07,0,6.36,6.36,0,0,0-3,4.33,12.68,12.68,0,0,0,.49,6,22.35,22.35,0,0,0,2.77,5.68C350.7,286.09,351.17,286.75,351.65,287.39Z\" transform=\"translate(-274.79 -266.37)\"><\/path><path class=\"cls-1\" d=\"M417.13,271.28l-.24.88c-.62,2.89-1.28,5.77-1.7,8.69-.19,1.27-.22,2.5-.4,3.77a.42.42,0,0,0,.8.25,31,31,0,0,0,1.61-3.52c1-2.78,1.48-5.7,2.3-8.53,0-.17.7-2.48.89-3.41a1.74,1.74,0,0,0-.94-2,3.8,3.8,0,0,0-1.91.6c-2.16,1.23-7.34,4.52-8,4.88l-2.65,1.57c-1.3.64-1.2,1.77-.57,1.9a2.22,2.22,0,0,0,1.4-.29l2.83-1.29C411.09,274.56,414.6,272.64,417.13,271.28Z\" transform=\"translate(-274.79 -266.37)\"><\/path><\/svg>                                            <\/a>\r\n                <\/div>\r\n                        <\/div>\r\n\t\t\t\t<\/div>\n\t\t\t\t<\/div>\n\t\t            <\/div>\r\n        <\/div>\r\n        \t\t\t<\/div>\n\t\t<\/section>\n\t\t            <\/div>\r\n        <\/div>\r\n                <div class=\"elementor-column elementor-col-66 elementor-top-column elementor-element elementor-element-07cfca2 pxl-column-none pxl-column-overflow-hidden-no\" data-id=\"07cfca2\" data-element_type=\"column\">\r\n        <div class=\"elementor-widget-wrap elementor-element-populated\">\r\n                     \r\n        \t\t<div class=\"elementor-element elementor-element-8ec9eb4 elementor-widget elementor-widget-pxl_text_editor\" data-id=\"8ec9eb4\" data-element_type=\"widget\" data-widget_type=\"pxl_text_editor.default\">\n\t\t\t\t<div class=\"elementor-widget-container\">\n\t\t\t\t\t<div class=\"pxl-text-editor highlight-gradient\">\r\n\t<div class=\"pxl-item--inner wow PXLfadeInUp\" data-wow-delay=\"300ms\">\r\n\t\t<h3 data-start=\"1132\" data-end=\"1174\">Reality as an information process<\/h3><p data-start=\"1176\" data-end=\"1568\">In the light of M\u0101y\u0101 theory, physical reality is not a continuous, geometric structure existing independently of observation, but a network of elementary, local processes of actualizing information. Time, matter, energy, and gravity do not appear here as primary entities, but as <strong data-start=\"1454\" data-end=\"1502\">emergent effects of processing architecture<\/strong>, occurring in a discrete rhythm determined by the Planck scale.<\/p><p data-start=\"1570\" data-end=\"2031\">In this approach, the universe appears as a system whose dynamics are inseparable from information\u2014not as a metaphor, but as a real component of the physical structure. The consequence of this perspective is a profound change in the way we think about the nature of reality: it becomes <strong data-start=\"1844\" data-end=\"1895\">indistinguishable from simulation in the physical sense<\/strong>, because it is based on computational architecture.<\/p><p data-start=\"2033\" data-end=\"2233\">The ISKRA Foundation does not treat this statement as a philosophical thesis or a narrative provocation. It is a hypothesis about <strong data-start=\"2148\" data-end=\"2169\">the structure of the world<\/strong>, which demands further development, formalization and verification.<\/p><h3 data-start=\"2235\" data-end=\"2262\">From description to verification<\/h3><p data-start=\"2264\" data-end=\"2753\">The vision of the ISKRA Foundation is to create an interdisciplinary research center dedicated to developing M\u0101y\u0101 theory as a coherent foundation for physics and to exploring ways to validate it mathematically and empirically. The key task here is not to create yet another interpretation of existing theories, but to identify observable consequences of the information architecture of reality\u2014contexts that allow for the transition from a coherent narrative to a testable fundamental theory.<\/p><p data-start=\"2755\" data-end=\"3139\">The emergence of Maya theory required the synthesis of multiple fields: relativistic and quantum physics, information theory, theoretical computer science, mathematics, and the philosophy of science. Therefore, its further development cannot be the work of a single discipline or team. The ISKRA Foundation views interdisciplinary collaboration not as a supplement, but as a necessary condition for further progress.<\/p><p data-start=\"3141\" data-end=\"3530\">The theory of M\u0101y\u0101 is not treated as a closed system or a dogma. It is a scientific proposition, subject to criticism, testing, correction, and\u2014if necessary\u2014rejection. Verification, even negative verification, is an integral part of the cognitive process. Disconfirmation is as valuable an outcome as confirmation, provided it leads to a deeper understanding of the structure of reality.<\/p><h3 data-start=\"3532\" data-end=\"3573\">Technology, responsibility and ethics<\/h3><p data-start=\"3575\" data-end=\"3885\">If reality truly possesses a computational structure, the implications of this fact extend far beyond theoretical physics. Understanding the mechanisms underlying time, matter, and gravity means potentially modifying, controlling, or reconstructing them at a fundamental level.<\/p><p data-start=\"3887\" data-end=\"4320\">Therefore, the ISKRA Foundation's work also encompasses reflection on the technological and ethical implications of such knowledge. If the laws of physics are also the rules for information processing, then future technology may cease to be merely the engineering of matter and become an intervention in the very code of reality. Such a perspective requires responsibility, transparency, and open debate\u2014before it becomes a technological fact.<\/p><p data-start=\"4322\" data-end=\"4514\">The ISKRA Foundation views ethics not as a brake on progress, but as its essential component. Understanding the mechanisms of reality must go hand in hand with reflection on the limits of its application.<\/p><h3 data-start=\"4516\" data-end=\"4546\">Open structure of cognition<\/h3><p data-start=\"4548\" data-end=\"4786\">Although the M\u0101y\u0101 physical model demonstrates internal consistency, compatibility with existing formalism, and the ability to explain many phenomena from a single, common mechanism, the ISKRA Foundation does not claim to declare it a final theory.<\/p><p data-start=\"4788\" data-end=\"5178\">The history of science shows that even the most promising models are often mere steps along the path to a deeper description. M\u0101y\u0101 theory can prove to be an approximation, a special case, or a starting point for an even more fundamental structure. Its value lies not in its declaration of absolute truth, but in its daring to ask questions about mechanism where, until now, description had been sufficient.<\/p><p data-start=\"5180\" data-end=\"5389\">Even if M\u0101y\u0101 is revised or replaced in the future, the very path it opens\u2014the transition from geometry to processing, from equations to mechanism\u2014will remain its lasting contribution to the development of science.<\/p><p data-start=\"5391\" data-end=\"5541\" data-is-last-node=\"\" data-is-only-node=\"\">The ISKRA Foundation exists to explore this path: with courage, criticism and the awareness that real progress begins where certainty ends.<\/p>\t\t\r\n\t<\/div>\r\n<\/div>\t\t\t\t<\/div>\n\t\t\t\t<\/div>\n\t\t            <\/div>\r\n        <\/div>\r\n        \t\t\t<\/div>\n\t\t<\/section>\n\t\t        <section class=\"elementor-section elementor-top-section elementor-element elementor-element-35ceb2b elementor-section-height-min-height pxl-row-scroll-fixed pxl-zoom-point-true elementor-section-boxed elementor-section-height-default elementor-section-items-middle pxl-section-overflow-visible pxl-section-fix-none pxl-bg-color-none pxl-section-overlay-none\" data-id=\"35ceb2b\" data-element_type=\"section\" data-settings=\"{&quot;background_background&quot;:&quot;classic&quot;}\">\n\n                \n        <div class=\"pxl-section-bg-parallax\" data-parallax=\"{&quot;y&quot;:-80}\"><\/div><div class=\"pxl-zoom-point-wrap\"><div class=\"pxl-zoom-point\" data-offset=\"250\" data-scale-mount=\"30\"><div class=\"pxl-item--overlay\" data-scroll-zoom=\"\"><\/div><\/div><\/div>        <div class=\"elementor-container elementor-column-gap-default\">\n                <div class=\"elementor-column elementor-col-100 elementor-top-column elementor-element elementor-element-c0bcce1 pxl-column-none pxl-column-overflow-hidden-no\" data-id=\"c0bcce1\" data-element_type=\"column\">\r\n        <div class=\"elementor-widget-wrap\">\r\n                     \r\n                    <\/div>\r\n        <\/div>\r\n        \t\t\t<\/div>\n\t\t<\/section>\n\t\t\t\t<\/div>","protected":false},"excerpt":{"rendered":"<p>Cele Fundacji ISKRA Przekraczamy granice znanej fizyki, szukaj\u0105c ukrytego kodu rzeczywisto\u015bci. ISKRA to przestrze\u0144 bada\u0144 nad informacyjn\u0105 natur\u0105 Wszech\u015bwiata. Home Fundacja ISKRA (fundacja w organizacji) powsta\u0142a z przekonania, \u017ce wsp\u00f3\u0142czesna nauka znalaz\u0142a si\u0119 w momencie granicznym. Z jednej strony dysponujemy teoriami o niezwyk\u0142ej mocy predykcyjnej, kt\u00f3re z precyzj\u0105 opisuj\u0105 zachowanie materii, energii i czasoprzestrzeni. Z [&hellip;]<\/p>","protected":false},"author":1,"featured_media":0,"parent":0,"menu_order":0,"comment_status":"closed","ping_status":"closed","template":"","meta":{"footnotes":""},"class_list":["post-2805","page","type-page","status-publish","hentry"],"_links":{"self":[{"href":"https:\/\/instytut-iskra.pl\/en\/wp-json\/wp\/v2\/pages\/2805","targetHints":{"allow":["GET"]}}],"collection":[{"href":"https:\/\/instytut-iskra.pl\/en\/wp-json\/wp\/v2\/pages"}],"about":[{"href":"https:\/\/instytut-iskra.pl\/en\/wp-json\/wp\/v2\/types\/page"}],"author":[{"embeddable":true,"href":"https:\/\/instytut-iskra.pl\/en\/wp-json\/wp\/v2\/users\/1"}],"replies":[{"embeddable":true,"href":"https:\/\/instytut-iskra.pl\/en\/wp-json\/wp\/v2\/comments?post=2805"}],"version-history":[{"count":59,"href":"https:\/\/instytut-iskra.pl\/en\/wp-json\/wp\/v2\/pages\/2805\/revisions"}],"predecessor-version":[{"id":15323,"href":"https:\/\/instytut-iskra.pl\/en\/wp-json\/wp\/v2\/pages\/2805\/revisions\/15323"}],"wp:attachment":[{"href":"https:\/\/instytut-iskra.pl\/en\/wp-json\/wp\/v2\/media?parent=2805"}],"curies":[{"name":"wp","href":"https:\/\/api.w.org\/{rel}","templated":true}]}}